{"id":19176,"date":"2017-11-24T09:29:02","date_gmt":"2017-11-24T08:29:02","guid":{"rendered":"https:\/\/nicandmel.com\/product\/slimjim-backcase-cognac-lader-iphone-6-6s-7-8-se2020\/"},"modified":"2025-03-04T07:28:30","modified_gmt":"2025-03-04T06:28:30","slug":"slimjim-backcase-cognac-lader-iphone-6-6s-7-8-se2020","status":"publish","type":"product","link":"https:\/\/nicandmel.com\/sv\/produkt\/slimjim-backcase-cognac-lader-iphone-6-6s-7-8-se2020\/","title":{"rendered":"SlimJim BACKCASE (Cognac l\u00e4der iPhone 6\/6S\/7\/8 SE2020)"},"content":{"rendered":"<p>SlimJim Leather Case &#8211; det ultimata valet f\u00f6r dina dagliga behov. Det h\u00e4r ultratunna fodralet \u00e4r tillverkat med precision och \u00e4r handgjort av det finaste italienska organiskt garvade l\u00e4dret, vilket ger en o\u00f6vertr\u00e4ffad stil och h\u00e5llbarhet. H\u00e4r \u00e4r varf\u00f6r SlimJim Leather Case \u00e4r den perfekta f\u00f6ljeslagaren:<\/p>\n<ul>\n<li><strong>Ultra-slim design:<\/strong> SlimJim \u00e4r utformad f\u00f6r att vara elegant och minimal, vilket ger en tunn profil som enkelt passar in i ditt dagliga liv.<\/li>\n<li><strong>F\u00f6rstklassigt italienskt l\u00e4der:<\/strong> Handgjord med det b\u00e4sta italienska ekologiskt garvade l\u00e4dret, vilket ger en lyxig k\u00e4nsla och l\u00e5ngvarig kvalitet.<\/li>\n<li><strong>H\u00e5llbarhet varje dag:<\/strong> SlimJim \u00e4r tillverkad f\u00f6r att h\u00e5lla och \u00e4r den perfekta f\u00f6ljeslagaren f\u00f6r dina dagliga \u00e4ventyr, med en h\u00e5llbarhet som h\u00e5ller f\u00f6r en livsstil i farten.<\/li>\n<li><strong>S\u00f6ml\u00f6s modern estetik:<\/strong> Njut av ett s\u00f6ml\u00f6st, rent och modernt utseende som kompletterar din stil, med omsorgsfullt lindade kanter f\u00f6r extra sofistikering.<\/li>\n<li><strong>M\u00e5ngsidig anv\u00e4ndning \u00f6verallt:<\/strong> Oavsett om du \u00e4r p\u00e5 v\u00e4g till kontoret, ett socialt evenemang eller en avslappnad utflykt \u00e4r SlimJim den perfekta f\u00f6ljeslagaren som utan anstr\u00e4ngning blandar stil med funktionalitet.<\/li>\n<li><strong>Popul\u00e4rt val:<\/strong> Den ultratunna designen och premiumfunktionerna g\u00f6r SlimJim till ett av v\u00e5ra mest popul\u00e4ra fodral, \u00e4lskat av dem som s\u00f6ker en perfekt balans mellan stil och funktionalitet.<\/li>\n<\/ul>\n<p>F\u00f6rh\u00f6j ditt vardagliga b\u00e4rande med SlimJim Leather Case &#8211; d\u00e4r elegant design m\u00f6ter exceptionell kvalitet f\u00f6r ett fodral som sticker ut i b\u00e5de stil och inneh\u00e5ll.<\/p>\n","protected":false},"excerpt":{"rendered":"<p>SlimJim Leather Case &#8211; det ultimata valet f\u00f6r dina dagliga behov. Det h\u00e4r ultratunna fodralet \u00e4r tillverkat med precision och \u00e4r handgjort av det finaste italienska organiskt garvade l\u00e4dret, vilket ger en o\u00f6vertr\u00e4ffad stil och h\u00e5llbarhet. H\u00e4r \u00e4r varf\u00f6r SlimJim Leather Case \u00e4r den perfekta f\u00f6ljeslagaren:<\/p>\n<ul>\n<li><strong>Ultra-slank design:<\/strong><\/li>\n<li><strong>Premium italienskt l\u00e4der:<\/strong><\/li>\n<li><strong>H\u00e5llbarhet i vardagen:<\/strong><\/li>\n<li><strong>S\u00f6ml\u00f6s modern estetik:<\/strong><\/li>\n<\/ul>\n","protected":false},"featured_media":18120,"template":"","meta":{"_acf_changed":false},"product_brand":[],"product_cat":[1813],"product_tag":[],"class_list":{"0":"post-19176","1":"product","2":"type-product","3":"status-publish","4":"has-post-thumbnail","6":"product_cat-mobiltillbehor","7":"product_shipping_class-liten-frakt","8":"pa_model-iphone-6-6s-sv-2","9":"pa_model-iphone-7-sv-2","10":"pa_model-iphone-8-sv-2","11":"pa_model-se-2020-sv-2","13":"first","14":"outofstock","15":"sale","16":"taxable","17":"shipping-taxable","18":"purchasable","19":"product-type-simple"},"acf":[],"yoast_head":"<!-- This site is optimized with the Yoast SEO plugin v27.4 - https:\/\/yoast.com\/product\/yoast-seo-wordpress\/ -->\n<title>Curtis Backcase Cognac l\u00e4der iPhone 6\/6S\/7\/8 - Nic &amp; Mel.<\/title>\n<meta name=\"description\" content=\"Curtis Backcase Cognac L\u00e4der iPhone 6\/6S\/7\/8. \u00c4kta handgjort l\u00e4der i skandinavisk design. Fri leverans \u00f6ver 200 SEK.\" \/>\n<meta name=\"robots\" content=\"index, follow, max-snippet:-1, max-image-preview:large, max-video-preview:-1\" \/>\n<link rel=\"canonical\" href=\"https:\/\/nicandmel.com\/sv\/produkt\/slimjim-backcase-cognac-lader-iphone-6-6s-7-8-se2020\/\" \/>\n<meta property=\"og:locale\" content=\"sv_SE\" \/>\n<meta property=\"og:type\" content=\"article\" \/>\n<meta property=\"og:title\" content=\"Curtis Backcase Cognac l\u00e4der iPhone 6\/6S\/7\/8 - Nic &amp; Mel.\" \/>\n<meta property=\"og:description\" content=\"Curtis Backcase Cognac L\u00e4der iPhone 6\/6S\/7\/8. \u00c4kta handgjort l\u00e4der i skandinavisk design. Fri leverans \u00f6ver 200 SEK.\" \/>\n<meta property=\"og:url\" content=\"https:\/\/nicandmel.com\/sv\/produkt\/slimjim-backcase-cognac-lader-iphone-6-6s-7-8-se2020\/\" \/>\n<meta property=\"og:site_name\" content=\"Nic &amp; Mel\" \/>\n<meta property=\"article:publisher\" content=\"https:\/\/www.facebook.com\/nicandmel\" \/>\n<meta property=\"article:modified_time\" content=\"2025-03-04T06:28:30+00:00\" \/>\n<meta property=\"og:image\" content=\"https:\/\/nicandmel.com\/wp-content\/uploads\/2023\/02\/slimjim-congac-back-11-max.jpg\" \/>\n\t<meta property=\"og:image:width\" content=\"1500\" \/>\n\t<meta property=\"og:image:height\" content=\"1828\" \/>\n\t<meta property=\"og:image:type\" content=\"image\/jpeg\" \/>\n<meta name=\"twitter:card\" content=\"summary_large_image\" \/>\n<meta name=\"twitter:label1\" content=\"Ber\u00e4knad l\u00e4stid\" \/>\n\t<meta name=\"twitter:data1\" content=\"2 minuter\" \/>\n<script type=\"application\/ld+json\" class=\"yoast-schema-graph\">{\"@context\":\"https:\\\/\\\/schema.org\",\"@graph\":[{\"@type\":\"WebPage\",\"@id\":\"https:\\\/\\\/nicandmel.com\\\/sv\\\/produkt\\\/slimjim-backcase-cognac-lader-iphone-6-6s-7-8-se2020\\\/\",\"url\":\"https:\\\/\\\/nicandmel.com\\\/sv\\\/produkt\\\/slimjim-backcase-cognac-lader-iphone-6-6s-7-8-se2020\\\/\",\"name\":\"Curtis Backcase Cognac l\u00e4der iPhone 6\\\/6S\\\/7\\\/8 - Nic & Mel.\",\"isPartOf\":{\"@id\":\"https:\\\/\\\/nicandmel.com\\\/sv\\\/#website\"},\"primaryImageOfPage\":{\"@id\":\"https:\\\/\\\/nicandmel.com\\\/sv\\\/produkt\\\/slimjim-backcase-cognac-lader-iphone-6-6s-7-8-se2020\\\/#primaryimage\"},\"image\":{\"@id\":\"https:\\\/\\\/nicandmel.com\\\/sv\\\/produkt\\\/slimjim-backcase-cognac-lader-iphone-6-6s-7-8-se2020\\\/#primaryimage\"},\"thumbnailUrl\":\"https:\\\/\\\/nicandmel.com\\\/wp-content\\\/uploads\\\/2023\\\/02\\\/slimjim-congac-back-11-max.jpg\",\"datePublished\":\"2017-11-24T08:29:02+00:00\",\"dateModified\":\"2025-03-04T06:28:30+00:00\",\"description\":\"Curtis Backcase Cognac L\u00e4der iPhone 6\\\/6S\\\/7\\\/8. \u00c4kta handgjort l\u00e4der i skandinavisk design. Fri leverans \u00f6ver 200 SEK.\",\"breadcrumb\":{\"@id\":\"https:\\\/\\\/nicandmel.com\\\/sv\\\/produkt\\\/slimjim-backcase-cognac-lader-iphone-6-6s-7-8-se2020\\\/#breadcrumb\"},\"inLanguage\":\"sv-SE\",\"potentialAction\":[{\"@type\":\"ReadAction\",\"target\":[\"https:\\\/\\\/nicandmel.com\\\/sv\\\/produkt\\\/slimjim-backcase-cognac-lader-iphone-6-6s-7-8-se2020\\\/\"]}]},{\"@type\":\"ImageObject\",\"inLanguage\":\"sv-SE\",\"@id\":\"https:\\\/\\\/nicandmel.com\\\/sv\\\/produkt\\\/slimjim-backcase-cognac-lader-iphone-6-6s-7-8-se2020\\\/#primaryimage\",\"url\":\"https:\\\/\\\/nicandmel.com\\\/wp-content\\\/uploads\\\/2023\\\/02\\\/slimjim-congac-back-11-max.jpg\",\"contentUrl\":\"https:\\\/\\\/nicandmel.com\\\/wp-content\\\/uploads\\\/2023\\\/02\\\/slimjim-congac-back-11-max.jpg\",\"width\":1500,\"height\":1828},{\"@type\":\"BreadcrumbList\",\"@id\":\"https:\\\/\\\/nicandmel.com\\\/sv\\\/produkt\\\/slimjim-backcase-cognac-lader-iphone-6-6s-7-8-se2020\\\/#breadcrumb\",\"itemListElement\":[{\"@type\":\"ListItem\",\"position\":1,\"name\":\"Home\",\"item\":\"https:\\\/\\\/nicandmel.com\\\/sv\\\/\"},{\"@type\":\"ListItem\",\"position\":2,\"name\":\"Butik\",\"item\":\"https:\\\/\\\/nicandmel.com\\\/sv\\\/butik\\\/\"},{\"@type\":\"ListItem\",\"position\":3,\"name\":\"SlimJim BACKCASE (Cognac l\u00e4der iPhone 6\\\/6S\\\/7\\\/8 SE2020)\"}]},{\"@type\":\"WebSite\",\"@id\":\"https:\\\/\\\/nicandmel.com\\\/sv\\\/#website\",\"url\":\"https:\\\/\\\/nicandmel.com\\\/sv\\\/\",\"name\":\"Nic & Mel\",\"description\":\"Handmade leather goods\",\"publisher\":{\"@id\":\"https:\\\/\\\/nicandmel.com\\\/sv\\\/#organization\"},\"potentialAction\":[{\"@type\":\"SearchAction\",\"target\":{\"@type\":\"EntryPoint\",\"urlTemplate\":\"https:\\\/\\\/nicandmel.com\\\/sv\\\/?s={search_term_string}\"},\"query-input\":{\"@type\":\"PropertyValueSpecification\",\"valueRequired\":true,\"valueName\":\"search_term_string\"}}],\"inLanguage\":\"sv-SE\"},{\"@type\":\"Organization\",\"@id\":\"https:\\\/\\\/nicandmel.com\\\/sv\\\/#organization\",\"name\":\"Nic & Mel\",\"url\":\"https:\\\/\\\/nicandmel.com\\\/sv\\\/\",\"logo\":{\"@type\":\"ImageObject\",\"inLanguage\":\"sv-SE\",\"@id\":\"https:\\\/\\\/nicandmel.com\\\/sv\\\/#\\\/schema\\\/logo\\\/image\\\/\",\"url\":\"https:\\\/\\\/nicandmel.com\\\/wp-content\\\/uploads\\\/2021\\\/07\\\/nic_and_mel_logo.png\",\"contentUrl\":\"https:\\\/\\\/nicandmel.com\\\/wp-content\\\/uploads\\\/2021\\\/07\\\/nic_and_mel_logo.png\",\"width\":1237,\"height\":263,\"caption\":\"Nic & Mel\"},\"image\":{\"@id\":\"https:\\\/\\\/nicandmel.com\\\/sv\\\/#\\\/schema\\\/logo\\\/image\\\/\"},\"sameAs\":[\"https:\\\/\\\/www.facebook.com\\\/nicandmel\"]}]}<\/script>\n<!-- \/ Yoast SEO plugin. -->","yoast_head_json":{"title":"Curtis Backcase Cognac l\u00e4der iPhone 6\/6S\/7\/8 - Nic & Mel.","description":"Curtis Backcase Cognac L\u00e4der iPhone 6\/6S\/7\/8. \u00c4kta handgjort l\u00e4der i skandinavisk design. Fri leverans \u00f6ver 200 SEK.","robots":{"index":"index","follow":"follow","max-snippet":"max-snippet:-1","max-image-preview":"max-image-preview:large","max-video-preview":"max-video-preview:-1"},"canonical":"https:\/\/nicandmel.com\/sv\/produkt\/slimjim-backcase-cognac-lader-iphone-6-6s-7-8-se2020\/","og_locale":"sv_SE","og_type":"article","og_title":"Curtis Backcase Cognac l\u00e4der iPhone 6\/6S\/7\/8 - Nic & Mel.","og_description":"Curtis Backcase Cognac L\u00e4der iPhone 6\/6S\/7\/8. \u00c4kta handgjort l\u00e4der i skandinavisk design. Fri leverans \u00f6ver 200 SEK.","og_url":"https:\/\/nicandmel.com\/sv\/produkt\/slimjim-backcase-cognac-lader-iphone-6-6s-7-8-se2020\/","og_site_name":"Nic &amp; Mel","article_publisher":"https:\/\/www.facebook.com\/nicandmel","article_modified_time":"2025-03-04T06:28:30+00:00","og_image":[{"width":1500,"height":1828,"url":"https:\/\/nicandmel.com\/wp-content\/uploads\/2023\/02\/slimjim-congac-back-11-max.jpg","type":"image\/jpeg"}],"twitter_card":"summary_large_image","twitter_misc":{"Ber\u00e4knad l\u00e4stid":"2 minuter"},"schema":{"@context":"https:\/\/schema.org","@graph":[{"@type":"WebPage","@id":"https:\/\/nicandmel.com\/sv\/produkt\/slimjim-backcase-cognac-lader-iphone-6-6s-7-8-se2020\/","url":"https:\/\/nicandmel.com\/sv\/produkt\/slimjim-backcase-cognac-lader-iphone-6-6s-7-8-se2020\/","name":"Curtis Backcase Cognac l\u00e4der iPhone 6\/6S\/7\/8 - Nic & Mel.","isPartOf":{"@id":"https:\/\/nicandmel.com\/sv\/#website"},"primaryImageOfPage":{"@id":"https:\/\/nicandmel.com\/sv\/produkt\/slimjim-backcase-cognac-lader-iphone-6-6s-7-8-se2020\/#primaryimage"},"image":{"@id":"https:\/\/nicandmel.com\/sv\/produkt\/slimjim-backcase-cognac-lader-iphone-6-6s-7-8-se2020\/#primaryimage"},"thumbnailUrl":"https:\/\/nicandmel.com\/wp-content\/uploads\/2023\/02\/slimjim-congac-back-11-max.jpg","datePublished":"2017-11-24T08:29:02+00:00","dateModified":"2025-03-04T06:28:30+00:00","description":"Curtis Backcase Cognac L\u00e4der iPhone 6\/6S\/7\/8. \u00c4kta handgjort l\u00e4der i skandinavisk design. Fri leverans \u00f6ver 200 SEK.","breadcrumb":{"@id":"https:\/\/nicandmel.com\/sv\/produkt\/slimjim-backcase-cognac-lader-iphone-6-6s-7-8-se2020\/#breadcrumb"},"inLanguage":"sv-SE","potentialAction":[{"@type":"ReadAction","target":["https:\/\/nicandmel.com\/sv\/produkt\/slimjim-backcase-cognac-lader-iphone-6-6s-7-8-se2020\/"]}]},{"@type":"ImageObject","inLanguage":"sv-SE","@id":"https:\/\/nicandmel.com\/sv\/produkt\/slimjim-backcase-cognac-lader-iphone-6-6s-7-8-se2020\/#primaryimage","url":"https:\/\/nicandmel.com\/wp-content\/uploads\/2023\/02\/slimjim-congac-back-11-max.jpg","contentUrl":"https:\/\/nicandmel.com\/wp-content\/uploads\/2023\/02\/slimjim-congac-back-11-max.jpg","width":1500,"height":1828},{"@type":"BreadcrumbList","@id":"https:\/\/nicandmel.com\/sv\/produkt\/slimjim-backcase-cognac-lader-iphone-6-6s-7-8-se2020\/#breadcrumb","itemListElement":[{"@type":"ListItem","position":1,"name":"Home","item":"https:\/\/nicandmel.com\/sv\/"},{"@type":"ListItem","position":2,"name":"Butik","item":"https:\/\/nicandmel.com\/sv\/butik\/"},{"@type":"ListItem","position":3,"name":"SlimJim BACKCASE (Cognac l\u00e4der iPhone 6\/6S\/7\/8 SE2020)"}]},{"@type":"WebSite","@id":"https:\/\/nicandmel.com\/sv\/#website","url":"https:\/\/nicandmel.com\/sv\/","name":"Nic & Mel","description":"Handmade leather goods","publisher":{"@id":"https:\/\/nicandmel.com\/sv\/#organization"},"potentialAction":[{"@type":"SearchAction","target":{"@type":"EntryPoint","urlTemplate":"https:\/\/nicandmel.com\/sv\/?s={search_term_string}"},"query-input":{"@type":"PropertyValueSpecification","valueRequired":true,"valueName":"search_term_string"}}],"inLanguage":"sv-SE"},{"@type":"Organization","@id":"https:\/\/nicandmel.com\/sv\/#organization","name":"Nic & Mel","url":"https:\/\/nicandmel.com\/sv\/","logo":{"@type":"ImageObject","inLanguage":"sv-SE","@id":"https:\/\/nicandmel.com\/sv\/#\/schema\/logo\/image\/","url":"https:\/\/nicandmel.com\/wp-content\/uploads\/2021\/07\/nic_and_mel_logo.png","contentUrl":"https:\/\/nicandmel.com\/wp-content\/uploads\/2021\/07\/nic_and_mel_logo.png","width":1237,"height":263,"caption":"Nic & Mel"},"image":{"@id":"https:\/\/nicandmel.com\/sv\/#\/schema\/logo\/image\/"},"sameAs":["https:\/\/www.facebook.com\/nicandmel"]}]}},"_links":{"self":[{"href":"https:\/\/nicandmel.com\/sv\/wp-json\/wp\/v2\/product\/19176","targetHints":{"allow":["GET"]}}],"collection":[{"href":"https:\/\/nicandmel.com\/sv\/wp-json\/wp\/v2\/product"}],"about":[{"href":"https:\/\/nicandmel.com\/sv\/wp-json\/wp\/v2\/types\/product"}],"wp:featuredmedia":[{"embeddable":true,"href":"https:\/\/nicandmel.com\/sv\/wp-json\/wp\/v2\/media\/18120"}],"wp:attachment":[{"href":"https:\/\/nicandmel.com\/sv\/wp-json\/wp\/v2\/media?parent=19176"}],"wp:term":[{"taxonomy":"product_brand","embeddable":true,"href":"https:\/\/nicandmel.com\/sv\/wp-json\/wp\/v2\/product_brand?post=19176"},{"taxonomy":"product_cat","embeddable":true,"href":"https:\/\/nicandmel.com\/sv\/wp-json\/wp\/v2\/product_cat?post=19176"},{"taxonomy":"product_tag","embeddable":true,"href":"https:\/\/nicandmel.com\/sv\/wp-json\/wp\/v2\/product_tag?post=19176"}],"curies":[{"name":"wp","href":"https:\/\/api.w.org\/{rel}","templated":true}]}}