{"id":19191,"date":"2017-11-24T10:02:14","date_gmt":"2017-11-24T09:02:14","guid":{"rendered":"https:\/\/nicandmel.com\/product\/curtis-backcasegratt-lader-iphone-6-6s-7-8\/"},"modified":"2024-11-08T09:29:19","modified_gmt":"2024-11-08T08:29:19","slug":"curtis-backcasegratt-lader-iphone-6-6s-7-8","status":"publish","type":"product","link":"https:\/\/nicandmel.com\/sv\/produkt\/curtis-backcasegratt-lader-iphone-6-6s-7-8\/","title":{"rendered":"CURTIS BACKCASEGr\u00e5tt l\u00e4der iPhone 6\/6S\/7\/8"},"content":{"rendered":"<p>[vc_row][vc_column width=&#8221;2\/3&#8243;][vc_column_text]BESKRIVNING<\/p>\n<p>Curtis backcase \u00e4r ett f\u00f6rstklassigt l\u00e4derfodral av h\u00f6gsta kvalitet f\u00f6r din iPhone. Ren, modern design i kombination med en s\u00f6ml\u00f6s, perfekt passform och ett s\u00e4kert grepp. [\/vc_column_text][vc_empty_space][\/vc_column][vc_column width=&#8221;1\/3&#8243; css=&#8221;.vc_custom_1476089404277{border-left-width: 1px !important;border-left-color: #e5e5e5 !important;border-left-style: solid !important;border-radius: 1px !important;}&#8221;][vc_column_text]DETALJER<\/p>\n<p>Tillverkad f\u00f6r iPhone 6\/6S\/7\/8<\/p>\n<p>Material: \u00c4kta l\u00e4der.[\/vc_column_text][\/vc_column][\/vc_row]<\/p>\n","protected":false},"excerpt":{"rendered":"<p>Curtis backcase f\u00f6r din iPhone &#8211; Ren, modern design i l\u00e4der av h\u00f6gsta kvalitet.<\/p>\n","protected":false},"featured_media":17094,"template":"","meta":{"_acf_changed":false},"product_brand":[],"product_cat":[1813],"product_tag":[],"class_list":{"0":"post-19191","1":"product","2":"type-product","3":"status-publish","4":"has-post-thumbnail","6":"product_cat-mobiltillbehor","7":"product_shipping_class-liten-frakt","8":"pa_model-iphone-6-6s-sv-2","9":"pa_model-iphone-7-sv-2","10":"pa_model-iphone-8-sv-2","12":"first","13":"outofstock","14":"sale","15":"taxable","16":"shipping-taxable","17":"purchasable","18":"product-type-simple"},"acf":[],"yoast_head":"<!-- This site is optimized with the Yoast SEO plugin v27.3 - https:\/\/yoast.com\/product\/yoast-seo-wordpress\/ -->\n<title>CURTIS BACKCASEGr\u00e5tt l\u00e4der iPhone 6\/6S\/7\/8 - Nic &amp; Mel<\/title>\n<meta name=\"description\" content=\"Curtis Backcase Gr\u00e5tt l\u00e4der iPhone 6\/6S\/7\/8. \u00c4kta handgjort l\u00e4der i skandinavisk design. Fri leverans \u00f6ver 200 SEK.\" \/>\n<meta name=\"robots\" content=\"index, follow, max-snippet:-1, max-image-preview:large, max-video-preview:-1\" \/>\n<link rel=\"canonical\" href=\"https:\/\/nicandmel.com\/sv\/produkt\/curtis-backcasegratt-lader-iphone-6-6s-7-8\/\" \/>\n<meta property=\"og:locale\" content=\"sv_SE\" \/>\n<meta property=\"og:type\" content=\"article\" \/>\n<meta property=\"og:title\" content=\"CURTIS BACKCASEGr\u00e5tt l\u00e4der iPhone 6\/6S\/7\/8 - Nic &amp; Mel\" \/>\n<meta property=\"og:description\" content=\"Curtis Backcase Gr\u00e5tt l\u00e4der iPhone 6\/6S\/7\/8. \u00c4kta handgjort l\u00e4der i skandinavisk design. Fri leverans \u00f6ver 200 SEK.\" \/>\n<meta property=\"og:url\" content=\"https:\/\/nicandmel.com\/sv\/produkt\/curtis-backcasegratt-lader-iphone-6-6s-7-8\/\" \/>\n<meta property=\"og:site_name\" content=\"Nic &amp; Mel\" \/>\n<meta property=\"article:publisher\" content=\"https:\/\/www.facebook.com\/nicandmel\" \/>\n<meta property=\"article:modified_time\" content=\"2024-11-08T08:29:19+00:00\" \/>\n<meta property=\"og:image\" content=\"https:\/\/nicandmel.com\/wp-content\/uploads\/2017\/11\/nm-curtis-bom10-dg-front.jpg\" \/>\n\t<meta property=\"og:image:width\" content=\"2000\" \/>\n\t<meta property=\"og:image:height\" content=\"1370\" \/>\n\t<meta property=\"og:image:type\" content=\"image\/jpeg\" \/>\n<meta name=\"twitter:card\" content=\"summary_large_image\" \/>\n<script type=\"application\/ld+json\" class=\"yoast-schema-graph\">{\"@context\":\"https:\\\/\\\/schema.org\",\"@graph\":[{\"@type\":\"WebPage\",\"@id\":\"https:\\\/\\\/nicandmel.com\\\/sv\\\/produkt\\\/curtis-backcasegratt-lader-iphone-6-6s-7-8\\\/\",\"url\":\"https:\\\/\\\/nicandmel.com\\\/sv\\\/produkt\\\/curtis-backcasegratt-lader-iphone-6-6s-7-8\\\/\",\"name\":\"CURTIS BACKCASEGr\u00e5tt l\u00e4der iPhone 6\\\/6S\\\/7\\\/8 - Nic &amp; Mel\",\"isPartOf\":{\"@id\":\"https:\\\/\\\/nicandmel.com\\\/sv\\\/#website\"},\"primaryImageOfPage\":{\"@id\":\"https:\\\/\\\/nicandmel.com\\\/sv\\\/produkt\\\/curtis-backcasegratt-lader-iphone-6-6s-7-8\\\/#primaryimage\"},\"image\":{\"@id\":\"https:\\\/\\\/nicandmel.com\\\/sv\\\/produkt\\\/curtis-backcasegratt-lader-iphone-6-6s-7-8\\\/#primaryimage\"},\"thumbnailUrl\":\"https:\\\/\\\/nicandmel.com\\\/wp-content\\\/uploads\\\/2017\\\/11\\\/nm-curtis-bom10-dg-front.jpg\",\"datePublished\":\"2017-11-24T09:02:14+00:00\",\"dateModified\":\"2024-11-08T08:29:19+00:00\",\"description\":\"Curtis Backcase Gr\u00e5tt l\u00e4der iPhone 6\\\/6S\\\/7\\\/8. \u00c4kta handgjort l\u00e4der i skandinavisk design. Fri leverans \u00f6ver 200 SEK.\",\"breadcrumb\":{\"@id\":\"https:\\\/\\\/nicandmel.com\\\/sv\\\/produkt\\\/curtis-backcasegratt-lader-iphone-6-6s-7-8\\\/#breadcrumb\"},\"inLanguage\":\"sv-SE\",\"potentialAction\":[{\"@type\":\"ReadAction\",\"target\":[\"https:\\\/\\\/nicandmel.com\\\/sv\\\/produkt\\\/curtis-backcasegratt-lader-iphone-6-6s-7-8\\\/\"]}]},{\"@type\":\"ImageObject\",\"inLanguage\":\"sv-SE\",\"@id\":\"https:\\\/\\\/nicandmel.com\\\/sv\\\/produkt\\\/curtis-backcasegratt-lader-iphone-6-6s-7-8\\\/#primaryimage\",\"url\":\"https:\\\/\\\/nicandmel.com\\\/wp-content\\\/uploads\\\/2017\\\/11\\\/nm-curtis-bom10-dg-front.jpg\",\"contentUrl\":\"https:\\\/\\\/nicandmel.com\\\/wp-content\\\/uploads\\\/2017\\\/11\\\/nm-curtis-bom10-dg-front.jpg\",\"width\":2000,\"height\":1370},{\"@type\":\"BreadcrumbList\",\"@id\":\"https:\\\/\\\/nicandmel.com\\\/sv\\\/produkt\\\/curtis-backcasegratt-lader-iphone-6-6s-7-8\\\/#breadcrumb\",\"itemListElement\":[{\"@type\":\"ListItem\",\"position\":1,\"name\":\"Home\",\"item\":\"https:\\\/\\\/nicandmel.com\\\/sv\\\/\"},{\"@type\":\"ListItem\",\"position\":2,\"name\":\"Butik\",\"item\":\"https:\\\/\\\/nicandmel.com\\\/sv\\\/butik\\\/\"},{\"@type\":\"ListItem\",\"position\":3,\"name\":\"CURTIS BACKCASEGr\u00e5tt l\u00e4der iPhone 6\\\/6S\\\/7\\\/8\"}]},{\"@type\":\"WebSite\",\"@id\":\"https:\\\/\\\/nicandmel.com\\\/sv\\\/#website\",\"url\":\"https:\\\/\\\/nicandmel.com\\\/sv\\\/\",\"name\":\"Nic & Mel\",\"description\":\"Handmade leather goods\",\"publisher\":{\"@id\":\"https:\\\/\\\/nicandmel.com\\\/sv\\\/#organization\"},\"potentialAction\":[{\"@type\":\"SearchAction\",\"target\":{\"@type\":\"EntryPoint\",\"urlTemplate\":\"https:\\\/\\\/nicandmel.com\\\/sv\\\/?s={search_term_string}\"},\"query-input\":{\"@type\":\"PropertyValueSpecification\",\"valueRequired\":true,\"valueName\":\"search_term_string\"}}],\"inLanguage\":\"sv-SE\"},{\"@type\":\"Organization\",\"@id\":\"https:\\\/\\\/nicandmel.com\\\/sv\\\/#organization\",\"name\":\"Nic & Mel\",\"url\":\"https:\\\/\\\/nicandmel.com\\\/sv\\\/\",\"logo\":{\"@type\":\"ImageObject\",\"inLanguage\":\"sv-SE\",\"@id\":\"https:\\\/\\\/nicandmel.com\\\/sv\\\/#\\\/schema\\\/logo\\\/image\\\/\",\"url\":\"https:\\\/\\\/nicandmel.com\\\/wp-content\\\/uploads\\\/2021\\\/07\\\/nic_and_mel_logo.png\",\"contentUrl\":\"https:\\\/\\\/nicandmel.com\\\/wp-content\\\/uploads\\\/2021\\\/07\\\/nic_and_mel_logo.png\",\"width\":1237,\"height\":263,\"caption\":\"Nic & Mel\"},\"image\":{\"@id\":\"https:\\\/\\\/nicandmel.com\\\/sv\\\/#\\\/schema\\\/logo\\\/image\\\/\"},\"sameAs\":[\"https:\\\/\\\/www.facebook.com\\\/nicandmel\"]}]}<\/script>\n<!-- \/ Yoast SEO plugin. -->","yoast_head_json":{"title":"CURTIS BACKCASEGr\u00e5tt l\u00e4der iPhone 6\/6S\/7\/8 - Nic &amp; Mel","description":"Curtis Backcase Gr\u00e5tt l\u00e4der iPhone 6\/6S\/7\/8. \u00c4kta handgjort l\u00e4der i skandinavisk design. Fri leverans \u00f6ver 200 SEK.","robots":{"index":"index","follow":"follow","max-snippet":"max-snippet:-1","max-image-preview":"max-image-preview:large","max-video-preview":"max-video-preview:-1"},"canonical":"https:\/\/nicandmel.com\/sv\/produkt\/curtis-backcasegratt-lader-iphone-6-6s-7-8\/","og_locale":"sv_SE","og_type":"article","og_title":"CURTIS BACKCASEGr\u00e5tt l\u00e4der iPhone 6\/6S\/7\/8 - Nic &amp; Mel","og_description":"Curtis Backcase Gr\u00e5tt l\u00e4der iPhone 6\/6S\/7\/8. \u00c4kta handgjort l\u00e4der i skandinavisk design. Fri leverans \u00f6ver 200 SEK.","og_url":"https:\/\/nicandmel.com\/sv\/produkt\/curtis-backcasegratt-lader-iphone-6-6s-7-8\/","og_site_name":"Nic &amp; Mel","article_publisher":"https:\/\/www.facebook.com\/nicandmel","article_modified_time":"2024-11-08T08:29:19+00:00","og_image":[{"width":2000,"height":1370,"url":"https:\/\/nicandmel.com\/wp-content\/uploads\/2017\/11\/nm-curtis-bom10-dg-front.jpg","type":"image\/jpeg"}],"twitter_card":"summary_large_image","schema":{"@context":"https:\/\/schema.org","@graph":[{"@type":"WebPage","@id":"https:\/\/nicandmel.com\/sv\/produkt\/curtis-backcasegratt-lader-iphone-6-6s-7-8\/","url":"https:\/\/nicandmel.com\/sv\/produkt\/curtis-backcasegratt-lader-iphone-6-6s-7-8\/","name":"CURTIS BACKCASEGr\u00e5tt l\u00e4der iPhone 6\/6S\/7\/8 - Nic &amp; Mel","isPartOf":{"@id":"https:\/\/nicandmel.com\/sv\/#website"},"primaryImageOfPage":{"@id":"https:\/\/nicandmel.com\/sv\/produkt\/curtis-backcasegratt-lader-iphone-6-6s-7-8\/#primaryimage"},"image":{"@id":"https:\/\/nicandmel.com\/sv\/produkt\/curtis-backcasegratt-lader-iphone-6-6s-7-8\/#primaryimage"},"thumbnailUrl":"https:\/\/nicandmel.com\/wp-content\/uploads\/2017\/11\/nm-curtis-bom10-dg-front.jpg","datePublished":"2017-11-24T09:02:14+00:00","dateModified":"2024-11-08T08:29:19+00:00","description":"Curtis Backcase Gr\u00e5tt l\u00e4der iPhone 6\/6S\/7\/8. \u00c4kta handgjort l\u00e4der i skandinavisk design. Fri leverans \u00f6ver 200 SEK.","breadcrumb":{"@id":"https:\/\/nicandmel.com\/sv\/produkt\/curtis-backcasegratt-lader-iphone-6-6s-7-8\/#breadcrumb"},"inLanguage":"sv-SE","potentialAction":[{"@type":"ReadAction","target":["https:\/\/nicandmel.com\/sv\/produkt\/curtis-backcasegratt-lader-iphone-6-6s-7-8\/"]}]},{"@type":"ImageObject","inLanguage":"sv-SE","@id":"https:\/\/nicandmel.com\/sv\/produkt\/curtis-backcasegratt-lader-iphone-6-6s-7-8\/#primaryimage","url":"https:\/\/nicandmel.com\/wp-content\/uploads\/2017\/11\/nm-curtis-bom10-dg-front.jpg","contentUrl":"https:\/\/nicandmel.com\/wp-content\/uploads\/2017\/11\/nm-curtis-bom10-dg-front.jpg","width":2000,"height":1370},{"@type":"BreadcrumbList","@id":"https:\/\/nicandmel.com\/sv\/produkt\/curtis-backcasegratt-lader-iphone-6-6s-7-8\/#breadcrumb","itemListElement":[{"@type":"ListItem","position":1,"name":"Home","item":"https:\/\/nicandmel.com\/sv\/"},{"@type":"ListItem","position":2,"name":"Butik","item":"https:\/\/nicandmel.com\/sv\/butik\/"},{"@type":"ListItem","position":3,"name":"CURTIS BACKCASEGr\u00e5tt l\u00e4der iPhone 6\/6S\/7\/8"}]},{"@type":"WebSite","@id":"https:\/\/nicandmel.com\/sv\/#website","url":"https:\/\/nicandmel.com\/sv\/","name":"Nic & Mel","description":"Handmade leather goods","publisher":{"@id":"https:\/\/nicandmel.com\/sv\/#organization"},"potentialAction":[{"@type":"SearchAction","target":{"@type":"EntryPoint","urlTemplate":"https:\/\/nicandmel.com\/sv\/?s={search_term_string}"},"query-input":{"@type":"PropertyValueSpecification","valueRequired":true,"valueName":"search_term_string"}}],"inLanguage":"sv-SE"},{"@type":"Organization","@id":"https:\/\/nicandmel.com\/sv\/#organization","name":"Nic & Mel","url":"https:\/\/nicandmel.com\/sv\/","logo":{"@type":"ImageObject","inLanguage":"sv-SE","@id":"https:\/\/nicandmel.com\/sv\/#\/schema\/logo\/image\/","url":"https:\/\/nicandmel.com\/wp-content\/uploads\/2021\/07\/nic_and_mel_logo.png","contentUrl":"https:\/\/nicandmel.com\/wp-content\/uploads\/2021\/07\/nic_and_mel_logo.png","width":1237,"height":263,"caption":"Nic & Mel"},"image":{"@id":"https:\/\/nicandmel.com\/sv\/#\/schema\/logo\/image\/"},"sameAs":["https:\/\/www.facebook.com\/nicandmel"]}]}},"_links":{"self":[{"href":"https:\/\/nicandmel.com\/sv\/wp-json\/wp\/v2\/product\/19191","targetHints":{"allow":["GET"]}}],"collection":[{"href":"https:\/\/nicandmel.com\/sv\/wp-json\/wp\/v2\/product"}],"about":[{"href":"https:\/\/nicandmel.com\/sv\/wp-json\/wp\/v2\/types\/product"}],"wp:featuredmedia":[{"embeddable":true,"href":"https:\/\/nicandmel.com\/sv\/wp-json\/wp\/v2\/media\/17094"}],"wp:attachment":[{"href":"https:\/\/nicandmel.com\/sv\/wp-json\/wp\/v2\/media?parent=19191"}],"wp:term":[{"taxonomy":"product_brand","embeddable":true,"href":"https:\/\/nicandmel.com\/sv\/wp-json\/wp\/v2\/product_brand?post=19191"},{"taxonomy":"product_cat","embeddable":true,"href":"https:\/\/nicandmel.com\/sv\/wp-json\/wp\/v2\/product_cat?post=19191"},{"taxonomy":"product_tag","embeddable":true,"href":"https:\/\/nicandmel.com\/sv\/wp-json\/wp\/v2\/product_tag?post=19191"}],"curies":[{"name":"wp","href":"https:\/\/api.w.org\/{rel}","templated":true}]}}