{"id":19210,"date":"2017-02-09T10:28:30","date_gmt":"2017-02-09T09:28:30","guid":{"rendered":"https:\/\/nicandmel.com\/product\/leather-wristwatch-band-svart-lader\/"},"modified":"2024-11-07T15:29:33","modified_gmt":"2024-11-07T14:29:33","slug":"leather-wristwatch-band-svart-lader","status":"publish","type":"product","link":"https:\/\/nicandmel.com\/sv\/produkt\/leather-wristwatch-band-svart-lader\/","title":{"rendered":"LEATHER WRISTWATCH BAND Svart l\u00e4der"},"content":{"rendered":"<p>[vc_row][vc_column width=&#8221;2\/3&#8243;][vc_column_text]BESKRIVNING<\/p>\n<p>N\u00e4r du vill uppdatera utseendet p\u00e5 din klocka \u00e4r det bara att k\u00f6pa ett nytt armband och byta ut det sj\u00e4lv!<\/p>\n<p>Armbandet \u00e4r tillverkat av svart kalvl\u00e4der med r\u00e5a kanter och ett sp\u00e4nne i rostfritt st\u00e5l.<\/p>\n<p>Passar alla v\u00e5ra klockor.[\/vc_column_text][vc_empty_space][\/vc_column][vc_column width=&#8221;1\/3&#8243; css=&#8221;.vc_custom_1475064343286{border-left-width: 1px !important;border-left-color: #e5e5e5 !important;border-left-style: solid !important;border-radius: 1px !important;}&#8221;][vc_column_text]DETALJER<br \/>\nBredd: 22 mm<\/p>\n<p>9 sp\u00e4nneh\u00e5l f\u00f6r att passa XS till XL.[\/vc_column_text][\/vc_column][\/vc_row]<\/p>\n","protected":false},"excerpt":{"rendered":"<p>[vc_row][vc_column width=&#8221;2\/3&#8243;][vc_column_text]BESKRIVNING N\u00e4r du vill uppdatera utseendet p\u00e5 din klocka \u00e4r det bara att k\u00f6pa ett nytt armband och byta ut det sj\u00e4lv! Armbandet \u00e4r tillverkat av svart kalvl\u00e4der med r\u00e5a kanter och ett sp\u00e4nne i rostfritt st\u00e5l. Passar alla v\u00e5ra klockor.[\/vc_column_text][vc_empty_space][\/vc_column][vc_column width=&#8221;1\/3&#8243; css=&#8221;.vc_custom_1475064343286{border-left-width: 1px !important;border-left-color: #e5e5e5 !important;border-left-style: solid !important;border-radius: 1px !important;}&#8221;][vc_column_text]DETALJER Bredd: 22 mm &hellip;<\/p>\n","protected":false},"featured_media":17070,"template":"","meta":{"_acf_changed":false},"product_brand":[],"product_cat":[1900],"product_tag":[],"class_list":{"0":"post-19210","1":"product","2":"type-product","3":"status-publish","4":"has-post-thumbnail","6":"product_cat-tillbehor-till-klockor","8":"first","9":"instock","10":"taxable","11":"shipping-taxable","12":"purchasable","13":"product-type-simple"},"acf":[],"yoast_head":"<!-- This site is optimized with the Yoast SEO plugin v27.5 - https:\/\/yoast.com\/product\/yoast-seo-wordpress\/ -->\n<title>LEATHER WRISTWATCH BAND Svart l\u00e4der - Nic &amp; Mel<\/title>\n<meta name=\"robots\" content=\"index, follow, max-snippet:-1, max-image-preview:large, max-video-preview:-1\" \/>\n<link rel=\"canonical\" href=\"https:\/\/nicandmel.com\/sv\/produkt\/leather-wristwatch-band-svart-lader\/\" \/>\n<meta property=\"og:locale\" content=\"sv_SE\" \/>\n<meta property=\"og:type\" content=\"article\" \/>\n<meta property=\"og:title\" content=\"LEATHER WRISTWATCH BAND Svart l\u00e4der - Nic &amp; Mel\" \/>\n<meta property=\"og:description\" content=\"[vc_row][vc_column width=&#8221;2\/3&#8243;][vc_column_text]BESKRIVNING N\u00e4r du vill uppdatera utseendet p\u00e5 din klocka \u00e4r det bara att k\u00f6pa ett nytt armband och byta ut det sj\u00e4lv! Armbandet \u00e4r tillverkat av svart kalvl\u00e4der med r\u00e5a kanter och ett sp\u00e4nne i rostfritt st\u00e5l. Passar alla v\u00e5ra klockor.[\/vc_column_text][vc_empty_space][\/vc_column][vc_column width=&#8221;1\/3&#8243; css=&#8221;.vc_custom_1475064343286{border-left-width: 1px !important;border-left-color: #e5e5e5 !important;border-left-style: solid !important;border-radius: 1px !important;}&#8221;][vc_column_text]DETALJER Bredd: 22 mm &hellip;\" \/>\n<meta property=\"og:url\" content=\"https:\/\/nicandmel.com\/sv\/produkt\/leather-wristwatch-band-svart-lader\/\" \/>\n<meta property=\"og:site_name\" content=\"Nic &amp; Mel\" \/>\n<meta property=\"article:publisher\" content=\"https:\/\/www.facebook.com\/nicandmel\" \/>\n<meta property=\"article:modified_time\" content=\"2024-11-07T14:29:33+00:00\" \/>\n<meta property=\"og:image\" content=\"https:\/\/nicandmel.com\/wp-content\/uploads\/2017\/02\/web_black_wristband.jpg\" \/>\n\t<meta property=\"og:image:width\" content=\"2000\" \/>\n\t<meta property=\"og:image:height\" content=\"1370\" \/>\n\t<meta property=\"og:image:type\" content=\"image\/jpeg\" \/>\n<meta name=\"twitter:card\" content=\"summary_large_image\" \/>\n<meta name=\"twitter:label1\" content=\"Ber\u00e4knad l\u00e4stid\" \/>\n\t<meta name=\"twitter:data1\" content=\"1 minut\" \/>\n<script type=\"application\/ld+json\" class=\"yoast-schema-graph\">{\"@context\":\"https:\\\/\\\/schema.org\",\"@graph\":[{\"@type\":\"WebPage\",\"@id\":\"https:\\\/\\\/nicandmel.com\\\/sv\\\/produkt\\\/leather-wristwatch-band-svart-lader\\\/\",\"url\":\"https:\\\/\\\/nicandmel.com\\\/sv\\\/produkt\\\/leather-wristwatch-band-svart-lader\\\/\",\"name\":\"LEATHER WRISTWATCH BAND Svart l\u00e4der - Nic &amp; Mel\",\"isPartOf\":{\"@id\":\"https:\\\/\\\/nicandmel.com\\\/sv\\\/#website\"},\"primaryImageOfPage\":{\"@id\":\"https:\\\/\\\/nicandmel.com\\\/sv\\\/produkt\\\/leather-wristwatch-band-svart-lader\\\/#primaryimage\"},\"image\":{\"@id\":\"https:\\\/\\\/nicandmel.com\\\/sv\\\/produkt\\\/leather-wristwatch-band-svart-lader\\\/#primaryimage\"},\"thumbnailUrl\":\"https:\\\/\\\/nicandmel.com\\\/wp-content\\\/uploads\\\/2017\\\/02\\\/web_black_wristband.jpg\",\"datePublished\":\"2017-02-09T09:28:30+00:00\",\"dateModified\":\"2024-11-07T14:29:33+00:00\",\"breadcrumb\":{\"@id\":\"https:\\\/\\\/nicandmel.com\\\/sv\\\/produkt\\\/leather-wristwatch-band-svart-lader\\\/#breadcrumb\"},\"inLanguage\":\"sv-SE\",\"potentialAction\":[{\"@type\":\"ReadAction\",\"target\":[\"https:\\\/\\\/nicandmel.com\\\/sv\\\/produkt\\\/leather-wristwatch-band-svart-lader\\\/\"]}]},{\"@type\":\"ImageObject\",\"inLanguage\":\"sv-SE\",\"@id\":\"https:\\\/\\\/nicandmel.com\\\/sv\\\/produkt\\\/leather-wristwatch-band-svart-lader\\\/#primaryimage\",\"url\":\"https:\\\/\\\/nicandmel.com\\\/wp-content\\\/uploads\\\/2017\\\/02\\\/web_black_wristband.jpg\",\"contentUrl\":\"https:\\\/\\\/nicandmel.com\\\/wp-content\\\/uploads\\\/2017\\\/02\\\/web_black_wristband.jpg\",\"width\":2000,\"height\":1370},{\"@type\":\"BreadcrumbList\",\"@id\":\"https:\\\/\\\/nicandmel.com\\\/sv\\\/produkt\\\/leather-wristwatch-band-svart-lader\\\/#breadcrumb\",\"itemListElement\":[{\"@type\":\"ListItem\",\"position\":1,\"name\":\"Home\",\"item\":\"https:\\\/\\\/nicandmel.com\\\/sv\\\/\"},{\"@type\":\"ListItem\",\"position\":2,\"name\":\"Butik\",\"item\":\"https:\\\/\\\/nicandmel.com\\\/sv\\\/butik\\\/\"},{\"@type\":\"ListItem\",\"position\":3,\"name\":\"LEATHER WRISTWATCH BAND Svart l\u00e4der\"}]},{\"@type\":\"WebSite\",\"@id\":\"https:\\\/\\\/nicandmel.com\\\/sv\\\/#website\",\"url\":\"https:\\\/\\\/nicandmel.com\\\/sv\\\/\",\"name\":\"Nic & Mel\",\"description\":\"Handmade leather goods\",\"publisher\":{\"@id\":\"https:\\\/\\\/nicandmel.com\\\/sv\\\/#organization\"},\"potentialAction\":[{\"@type\":\"SearchAction\",\"target\":{\"@type\":\"EntryPoint\",\"urlTemplate\":\"https:\\\/\\\/nicandmel.com\\\/sv\\\/?s={search_term_string}\"},\"query-input\":{\"@type\":\"PropertyValueSpecification\",\"valueRequired\":true,\"valueName\":\"search_term_string\"}}],\"inLanguage\":\"sv-SE\"},{\"@type\":\"Organization\",\"@id\":\"https:\\\/\\\/nicandmel.com\\\/sv\\\/#organization\",\"name\":\"Nic & Mel\",\"url\":\"https:\\\/\\\/nicandmel.com\\\/sv\\\/\",\"logo\":{\"@type\":\"ImageObject\",\"inLanguage\":\"sv-SE\",\"@id\":\"https:\\\/\\\/nicandmel.com\\\/sv\\\/#\\\/schema\\\/logo\\\/image\\\/\",\"url\":\"https:\\\/\\\/nicandmel.com\\\/wp-content\\\/uploads\\\/2021\\\/07\\\/nic_and_mel_logo.png\",\"contentUrl\":\"https:\\\/\\\/nicandmel.com\\\/wp-content\\\/uploads\\\/2021\\\/07\\\/nic_and_mel_logo.png\",\"width\":1237,\"height\":263,\"caption\":\"Nic & Mel\"},\"image\":{\"@id\":\"https:\\\/\\\/nicandmel.com\\\/sv\\\/#\\\/schema\\\/logo\\\/image\\\/\"},\"sameAs\":[\"https:\\\/\\\/www.facebook.com\\\/nicandmel\"]}]}<\/script>\n<!-- \/ Yoast SEO plugin. -->","yoast_head_json":{"title":"LEATHER WRISTWATCH BAND Svart l\u00e4der - Nic &amp; Mel","robots":{"index":"index","follow":"follow","max-snippet":"max-snippet:-1","max-image-preview":"max-image-preview:large","max-video-preview":"max-video-preview:-1"},"canonical":"https:\/\/nicandmel.com\/sv\/produkt\/leather-wristwatch-band-svart-lader\/","og_locale":"sv_SE","og_type":"article","og_title":"LEATHER WRISTWATCH BAND Svart l\u00e4der - Nic &amp; Mel","og_description":"[vc_row][vc_column width=&#8221;2\/3&#8243;][vc_column_text]BESKRIVNING N\u00e4r du vill uppdatera utseendet p\u00e5 din klocka \u00e4r det bara att k\u00f6pa ett nytt armband och byta ut det sj\u00e4lv! Armbandet \u00e4r tillverkat av svart kalvl\u00e4der med r\u00e5a kanter och ett sp\u00e4nne i rostfritt st\u00e5l. Passar alla v\u00e5ra klockor.[\/vc_column_text][vc_empty_space][\/vc_column][vc_column width=&#8221;1\/3&#8243; css=&#8221;.vc_custom_1475064343286{border-left-width: 1px !important;border-left-color: #e5e5e5 !important;border-left-style: solid !important;border-radius: 1px !important;}&#8221;][vc_column_text]DETALJER Bredd: 22 mm &hellip;","og_url":"https:\/\/nicandmel.com\/sv\/produkt\/leather-wristwatch-band-svart-lader\/","og_site_name":"Nic &amp; Mel","article_publisher":"https:\/\/www.facebook.com\/nicandmel","article_modified_time":"2024-11-07T14:29:33+00:00","og_image":[{"width":2000,"height":1370,"url":"https:\/\/nicandmel.com\/wp-content\/uploads\/2017\/02\/web_black_wristband.jpg","type":"image\/jpeg"}],"twitter_card":"summary_large_image","twitter_misc":{"Ber\u00e4knad l\u00e4stid":"1 minut"},"schema":{"@context":"https:\/\/schema.org","@graph":[{"@type":"WebPage","@id":"https:\/\/nicandmel.com\/sv\/produkt\/leather-wristwatch-band-svart-lader\/","url":"https:\/\/nicandmel.com\/sv\/produkt\/leather-wristwatch-band-svart-lader\/","name":"LEATHER WRISTWATCH BAND Svart l\u00e4der - Nic &amp; Mel","isPartOf":{"@id":"https:\/\/nicandmel.com\/sv\/#website"},"primaryImageOfPage":{"@id":"https:\/\/nicandmel.com\/sv\/produkt\/leather-wristwatch-band-svart-lader\/#primaryimage"},"image":{"@id":"https:\/\/nicandmel.com\/sv\/produkt\/leather-wristwatch-band-svart-lader\/#primaryimage"},"thumbnailUrl":"https:\/\/nicandmel.com\/wp-content\/uploads\/2017\/02\/web_black_wristband.jpg","datePublished":"2017-02-09T09:28:30+00:00","dateModified":"2024-11-07T14:29:33+00:00","breadcrumb":{"@id":"https:\/\/nicandmel.com\/sv\/produkt\/leather-wristwatch-band-svart-lader\/#breadcrumb"},"inLanguage":"sv-SE","potentialAction":[{"@type":"ReadAction","target":["https:\/\/nicandmel.com\/sv\/produkt\/leather-wristwatch-band-svart-lader\/"]}]},{"@type":"ImageObject","inLanguage":"sv-SE","@id":"https:\/\/nicandmel.com\/sv\/produkt\/leather-wristwatch-band-svart-lader\/#primaryimage","url":"https:\/\/nicandmel.com\/wp-content\/uploads\/2017\/02\/web_black_wristband.jpg","contentUrl":"https:\/\/nicandmel.com\/wp-content\/uploads\/2017\/02\/web_black_wristband.jpg","width":2000,"height":1370},{"@type":"BreadcrumbList","@id":"https:\/\/nicandmel.com\/sv\/produkt\/leather-wristwatch-band-svart-lader\/#breadcrumb","itemListElement":[{"@type":"ListItem","position":1,"name":"Home","item":"https:\/\/nicandmel.com\/sv\/"},{"@type":"ListItem","position":2,"name":"Butik","item":"https:\/\/nicandmel.com\/sv\/butik\/"},{"@type":"ListItem","position":3,"name":"LEATHER WRISTWATCH BAND Svart l\u00e4der"}]},{"@type":"WebSite","@id":"https:\/\/nicandmel.com\/sv\/#website","url":"https:\/\/nicandmel.com\/sv\/","name":"Nic & Mel","description":"Handmade leather goods","publisher":{"@id":"https:\/\/nicandmel.com\/sv\/#organization"},"potentialAction":[{"@type":"SearchAction","target":{"@type":"EntryPoint","urlTemplate":"https:\/\/nicandmel.com\/sv\/?s={search_term_string}"},"query-input":{"@type":"PropertyValueSpecification","valueRequired":true,"valueName":"search_term_string"}}],"inLanguage":"sv-SE"},{"@type":"Organization","@id":"https:\/\/nicandmel.com\/sv\/#organization","name":"Nic & Mel","url":"https:\/\/nicandmel.com\/sv\/","logo":{"@type":"ImageObject","inLanguage":"sv-SE","@id":"https:\/\/nicandmel.com\/sv\/#\/schema\/logo\/image\/","url":"https:\/\/nicandmel.com\/wp-content\/uploads\/2021\/07\/nic_and_mel_logo.png","contentUrl":"https:\/\/nicandmel.com\/wp-content\/uploads\/2021\/07\/nic_and_mel_logo.png","width":1237,"height":263,"caption":"Nic & Mel"},"image":{"@id":"https:\/\/nicandmel.com\/sv\/#\/schema\/logo\/image\/"},"sameAs":["https:\/\/www.facebook.com\/nicandmel"]}]}},"_links":{"self":[{"href":"https:\/\/nicandmel.com\/sv\/wp-json\/wp\/v2\/product\/19210","targetHints":{"allow":["GET"]}}],"collection":[{"href":"https:\/\/nicandmel.com\/sv\/wp-json\/wp\/v2\/product"}],"about":[{"href":"https:\/\/nicandmel.com\/sv\/wp-json\/wp\/v2\/types\/product"}],"wp:featuredmedia":[{"embeddable":true,"href":"https:\/\/nicandmel.com\/sv\/wp-json\/wp\/v2\/media\/17070"}],"wp:attachment":[{"href":"https:\/\/nicandmel.com\/sv\/wp-json\/wp\/v2\/media?parent=19210"}],"wp:term":[{"taxonomy":"product_brand","embeddable":true,"href":"https:\/\/nicandmel.com\/sv\/wp-json\/wp\/v2\/product_brand?post=19210"},{"taxonomy":"product_cat","embeddable":true,"href":"https:\/\/nicandmel.com\/sv\/wp-json\/wp\/v2\/product_cat?post=19210"},{"taxonomy":"product_tag","embeddable":true,"href":"https:\/\/nicandmel.com\/sv\/wp-json\/wp\/v2\/product_tag?post=19210"}],"curies":[{"name":"wp","href":"https:\/\/api.w.org\/{rel}","templated":true}]}}