{"id":19213,"date":"2016-10-08T13:50:23","date_gmt":"2016-10-08T11:50:23","guid":{"rendered":"https:\/\/nicandmel.com\/product\/carter-sleeve-13blacanvas\/"},"modified":"2024-11-10T10:44:55","modified_gmt":"2024-11-10T09:44:55","slug":"carter-sleeve-13blacanvas","status":"publish","type":"product","link":"https:\/\/nicandmel.com\/sv\/produkt\/carter-sleeve-13blacanvas\/","title":{"rendered":"CARTER SLEEVE 13&#8243;Bl\u00e5Canvas"},"content":{"rendered":"<p>[vc_row][vc_column width=&#8221;2\/3&#8243;][vc_column_text]BESKRIVNING<\/p>\n<p>Carter laptop sleeve \u00e4r tillverkad i m\u00f6rkbl\u00e5 vaxad canvas med cognacsf\u00e4rgade detaljer i \u00e4kta l\u00e4der. Den \u00e4r enkel men praktisk och har en avtagbar axelrem. Passar 13 tum och mindre datorer. <\/p>\n<p>[\/vc_column_text][vc_empty_space][\/vc_column][vc_column width=&#8221;1\/3&#8243; css=&#8221;.vc_custom_1475920499507{border-left-width: 1px !important;border-left-color: #e5e5e5 !important;border-left-style: solid !important;border-radius: 1px !important;}&#8221;][vc_column_text]DETALJER<\/p>\n<p>L\u00e4ngd: 35 cm<br \/>\nH\u00f6jd: 26 cm<br \/>\nDjup: 2,5 cm[\/vc_column_text][\/vc_column][\/vc_row]<\/p>\n","protected":false},"excerpt":{"rendered":"<p>[vc_row][vc_column width=&#8221;2\/3&#8243;][vc_column_text]BESKRIVNING Carter laptop sleeve \u00e4r tillverkad i m\u00f6rkbl\u00e5 vaxad canvas med cognacsf\u00e4rgade detaljer i \u00e4kta l\u00e4der. Den \u00e4r enkel men praktisk och har en avtagbar axelrem. Passar 13 tum och mindre datorer. [\/vc_column_text][vc_empty_space][\/vc_column][vc_column width=&#8221;1\/3&#8243; css=&#8221;.vc_custom_1475920499507{border-left-width: 1px !important;border-left-color: #e5e5e5 !important;border-left-style: solid !important;border-radius: 1px !important;}&#8221;][vc_column_text]DETALJER L\u00e4ngd: 35 cm H\u00f6jd: 26 cm Djup: 2,5 cm[\/vc_column_text][\/vc_column][\/vc_row]<\/p>\n","protected":false},"featured_media":16065,"template":"","meta":{"_acf_changed":false},"product_brand":[],"product_cat":[1807],"product_tag":[],"class_list":{"0":"post-19213","1":"product","2":"type-product","3":"status-publish","4":"has-post-thumbnail","6":"product_cat-vaskor","8":"first","9":"instock","10":"taxable","11":"shipping-taxable","12":"purchasable","13":"product-type-simple"},"acf":[],"yoast_head":"<!-- This site is optimized with the Yoast SEO plugin v27.4 - https:\/\/yoast.com\/product\/yoast-seo-wordpress\/ -->\n<title>CARTER SLEEVE 13&quot;Bl\u00e5Canvas - Nic &amp; Mel<\/title>\n<meta name=\"robots\" content=\"index, follow, max-snippet:-1, max-image-preview:large, max-video-preview:-1\" \/>\n<link rel=\"canonical\" href=\"https:\/\/nicandmel.com\/sv\/produkt\/carter-sleeve-13blacanvas\/\" \/>\n<meta property=\"og:locale\" content=\"sv_SE\" \/>\n<meta property=\"og:type\" content=\"article\" \/>\n<meta property=\"og:title\" content=\"CARTER SLEEVE 13&quot;Bl\u00e5Canvas - Nic &amp; Mel\" \/>\n<meta property=\"og:description\" content=\"[vc_row][vc_column width=&#8221;2\/3&#8243;][vc_column_text]BESKRIVNING Carter laptop sleeve \u00e4r tillverkad i m\u00f6rkbl\u00e5 vaxad canvas med cognacsf\u00e4rgade detaljer i \u00e4kta l\u00e4der. Den \u00e4r enkel men praktisk och har en avtagbar axelrem. Passar 13 tum och mindre datorer. [\/vc_column_text][vc_empty_space][\/vc_column][vc_column width=&#8221;1\/3&#8243; css=&#8221;.vc_custom_1475920499507{border-left-width: 1px !important;border-left-color: #e5e5e5 !important;border-left-style: solid !important;border-radius: 1px !important;}&#8221;][vc_column_text]DETALJER L\u00e4ngd: 35 cm H\u00f6jd: 26 cm Djup: 2,5 cm[\/vc_column_text][\/vc_column][\/vc_row]\" \/>\n<meta property=\"og:url\" content=\"https:\/\/nicandmel.com\/sv\/produkt\/carter-sleeve-13blacanvas\/\" \/>\n<meta property=\"og:site_name\" content=\"Nic &amp; Mel\" \/>\n<meta property=\"article:publisher\" content=\"https:\/\/www.facebook.com\/nicandmel\" \/>\n<meta property=\"article:modified_time\" content=\"2024-11-10T09:44:55+00:00\" \/>\n<meta property=\"og:image\" content=\"https:\/\/nicandmel.com\/wp-content\/uploads\/2016\/10\/carter_lt_sleeve_13_navy_2-1.jpg\" \/>\n\t<meta property=\"og:image:width\" content=\"2000\" \/>\n\t<meta property=\"og:image:height\" content=\"1371\" \/>\n\t<meta property=\"og:image:type\" content=\"image\/jpeg\" \/>\n<meta name=\"twitter:card\" content=\"summary_large_image\" \/>\n<script type=\"application\/ld+json\" class=\"yoast-schema-graph\">{\"@context\":\"https:\\\/\\\/schema.org\",\"@graph\":[{\"@type\":\"WebPage\",\"@id\":\"https:\\\/\\\/nicandmel.com\\\/sv\\\/produkt\\\/carter-sleeve-13blacanvas\\\/\",\"url\":\"https:\\\/\\\/nicandmel.com\\\/sv\\\/produkt\\\/carter-sleeve-13blacanvas\\\/\",\"name\":\"CARTER SLEEVE 13\\\"Bl\u00e5Canvas - Nic &amp; Mel\",\"isPartOf\":{\"@id\":\"https:\\\/\\\/nicandmel.com\\\/sv\\\/#website\"},\"primaryImageOfPage\":{\"@id\":\"https:\\\/\\\/nicandmel.com\\\/sv\\\/produkt\\\/carter-sleeve-13blacanvas\\\/#primaryimage\"},\"image\":{\"@id\":\"https:\\\/\\\/nicandmel.com\\\/sv\\\/produkt\\\/carter-sleeve-13blacanvas\\\/#primaryimage\"},\"thumbnailUrl\":\"https:\\\/\\\/nicandmel.com\\\/wp-content\\\/uploads\\\/2016\\\/10\\\/carter_lt_sleeve_13_navy_2-1.jpg\",\"datePublished\":\"2016-10-08T11:50:23+00:00\",\"dateModified\":\"2024-11-10T09:44:55+00:00\",\"breadcrumb\":{\"@id\":\"https:\\\/\\\/nicandmel.com\\\/sv\\\/produkt\\\/carter-sleeve-13blacanvas\\\/#breadcrumb\"},\"inLanguage\":\"sv-SE\",\"potentialAction\":[{\"@type\":\"ReadAction\",\"target\":[\"https:\\\/\\\/nicandmel.com\\\/sv\\\/produkt\\\/carter-sleeve-13blacanvas\\\/\"]}]},{\"@type\":\"ImageObject\",\"inLanguage\":\"sv-SE\",\"@id\":\"https:\\\/\\\/nicandmel.com\\\/sv\\\/produkt\\\/carter-sleeve-13blacanvas\\\/#primaryimage\",\"url\":\"https:\\\/\\\/nicandmel.com\\\/wp-content\\\/uploads\\\/2016\\\/10\\\/carter_lt_sleeve_13_navy_2-1.jpg\",\"contentUrl\":\"https:\\\/\\\/nicandmel.com\\\/wp-content\\\/uploads\\\/2016\\\/10\\\/carter_lt_sleeve_13_navy_2-1.jpg\",\"width\":2000,\"height\":1371},{\"@type\":\"BreadcrumbList\",\"@id\":\"https:\\\/\\\/nicandmel.com\\\/sv\\\/produkt\\\/carter-sleeve-13blacanvas\\\/#breadcrumb\",\"itemListElement\":[{\"@type\":\"ListItem\",\"position\":1,\"name\":\"Home\",\"item\":\"https:\\\/\\\/nicandmel.com\\\/sv\\\/\"},{\"@type\":\"ListItem\",\"position\":2,\"name\":\"Butik\",\"item\":\"https:\\\/\\\/nicandmel.com\\\/sv\\\/butik\\\/\"},{\"@type\":\"ListItem\",\"position\":3,\"name\":\"CARTER SLEEVE 13&#8243;Bl\u00e5Canvas\"}]},{\"@type\":\"WebSite\",\"@id\":\"https:\\\/\\\/nicandmel.com\\\/sv\\\/#website\",\"url\":\"https:\\\/\\\/nicandmel.com\\\/sv\\\/\",\"name\":\"Nic & Mel\",\"description\":\"Handmade leather goods\",\"publisher\":{\"@id\":\"https:\\\/\\\/nicandmel.com\\\/sv\\\/#organization\"},\"potentialAction\":[{\"@type\":\"SearchAction\",\"target\":{\"@type\":\"EntryPoint\",\"urlTemplate\":\"https:\\\/\\\/nicandmel.com\\\/sv\\\/?s={search_term_string}\"},\"query-input\":{\"@type\":\"PropertyValueSpecification\",\"valueRequired\":true,\"valueName\":\"search_term_string\"}}],\"inLanguage\":\"sv-SE\"},{\"@type\":\"Organization\",\"@id\":\"https:\\\/\\\/nicandmel.com\\\/sv\\\/#organization\",\"name\":\"Nic & Mel\",\"url\":\"https:\\\/\\\/nicandmel.com\\\/sv\\\/\",\"logo\":{\"@type\":\"ImageObject\",\"inLanguage\":\"sv-SE\",\"@id\":\"https:\\\/\\\/nicandmel.com\\\/sv\\\/#\\\/schema\\\/logo\\\/image\\\/\",\"url\":\"https:\\\/\\\/nicandmel.com\\\/wp-content\\\/uploads\\\/2021\\\/07\\\/nic_and_mel_logo.png\",\"contentUrl\":\"https:\\\/\\\/nicandmel.com\\\/wp-content\\\/uploads\\\/2021\\\/07\\\/nic_and_mel_logo.png\",\"width\":1237,\"height\":263,\"caption\":\"Nic & Mel\"},\"image\":{\"@id\":\"https:\\\/\\\/nicandmel.com\\\/sv\\\/#\\\/schema\\\/logo\\\/image\\\/\"},\"sameAs\":[\"https:\\\/\\\/www.facebook.com\\\/nicandmel\"]}]}<\/script>\n<!-- \/ Yoast SEO plugin. -->","yoast_head_json":{"title":"CARTER SLEEVE 13\"Bl\u00e5Canvas - Nic &amp; Mel","robots":{"index":"index","follow":"follow","max-snippet":"max-snippet:-1","max-image-preview":"max-image-preview:large","max-video-preview":"max-video-preview:-1"},"canonical":"https:\/\/nicandmel.com\/sv\/produkt\/carter-sleeve-13blacanvas\/","og_locale":"sv_SE","og_type":"article","og_title":"CARTER SLEEVE 13\"Bl\u00e5Canvas - Nic &amp; Mel","og_description":"[vc_row][vc_column width=&#8221;2\/3&#8243;][vc_column_text]BESKRIVNING Carter laptop sleeve \u00e4r tillverkad i m\u00f6rkbl\u00e5 vaxad canvas med cognacsf\u00e4rgade detaljer i \u00e4kta l\u00e4der. Den \u00e4r enkel men praktisk och har en avtagbar axelrem. Passar 13 tum och mindre datorer. [\/vc_column_text][vc_empty_space][\/vc_column][vc_column width=&#8221;1\/3&#8243; css=&#8221;.vc_custom_1475920499507{border-left-width: 1px !important;border-left-color: #e5e5e5 !important;border-left-style: solid !important;border-radius: 1px !important;}&#8221;][vc_column_text]DETALJER L\u00e4ngd: 35 cm H\u00f6jd: 26 cm Djup: 2,5 cm[\/vc_column_text][\/vc_column][\/vc_row]","og_url":"https:\/\/nicandmel.com\/sv\/produkt\/carter-sleeve-13blacanvas\/","og_site_name":"Nic &amp; Mel","article_publisher":"https:\/\/www.facebook.com\/nicandmel","article_modified_time":"2024-11-10T09:44:55+00:00","og_image":[{"width":2000,"height":1371,"url":"https:\/\/nicandmel.com\/wp-content\/uploads\/2016\/10\/carter_lt_sleeve_13_navy_2-1.jpg","type":"image\/jpeg"}],"twitter_card":"summary_large_image","schema":{"@context":"https:\/\/schema.org","@graph":[{"@type":"WebPage","@id":"https:\/\/nicandmel.com\/sv\/produkt\/carter-sleeve-13blacanvas\/","url":"https:\/\/nicandmel.com\/sv\/produkt\/carter-sleeve-13blacanvas\/","name":"CARTER SLEEVE 13\"Bl\u00e5Canvas - Nic &amp; Mel","isPartOf":{"@id":"https:\/\/nicandmel.com\/sv\/#website"},"primaryImageOfPage":{"@id":"https:\/\/nicandmel.com\/sv\/produkt\/carter-sleeve-13blacanvas\/#primaryimage"},"image":{"@id":"https:\/\/nicandmel.com\/sv\/produkt\/carter-sleeve-13blacanvas\/#primaryimage"},"thumbnailUrl":"https:\/\/nicandmel.com\/wp-content\/uploads\/2016\/10\/carter_lt_sleeve_13_navy_2-1.jpg","datePublished":"2016-10-08T11:50:23+00:00","dateModified":"2024-11-10T09:44:55+00:00","breadcrumb":{"@id":"https:\/\/nicandmel.com\/sv\/produkt\/carter-sleeve-13blacanvas\/#breadcrumb"},"inLanguage":"sv-SE","potentialAction":[{"@type":"ReadAction","target":["https:\/\/nicandmel.com\/sv\/produkt\/carter-sleeve-13blacanvas\/"]}]},{"@type":"ImageObject","inLanguage":"sv-SE","@id":"https:\/\/nicandmel.com\/sv\/produkt\/carter-sleeve-13blacanvas\/#primaryimage","url":"https:\/\/nicandmel.com\/wp-content\/uploads\/2016\/10\/carter_lt_sleeve_13_navy_2-1.jpg","contentUrl":"https:\/\/nicandmel.com\/wp-content\/uploads\/2016\/10\/carter_lt_sleeve_13_navy_2-1.jpg","width":2000,"height":1371},{"@type":"BreadcrumbList","@id":"https:\/\/nicandmel.com\/sv\/produkt\/carter-sleeve-13blacanvas\/#breadcrumb","itemListElement":[{"@type":"ListItem","position":1,"name":"Home","item":"https:\/\/nicandmel.com\/sv\/"},{"@type":"ListItem","position":2,"name":"Butik","item":"https:\/\/nicandmel.com\/sv\/butik\/"},{"@type":"ListItem","position":3,"name":"CARTER SLEEVE 13&#8243;Bl\u00e5Canvas"}]},{"@type":"WebSite","@id":"https:\/\/nicandmel.com\/sv\/#website","url":"https:\/\/nicandmel.com\/sv\/","name":"Nic & Mel","description":"Handmade leather goods","publisher":{"@id":"https:\/\/nicandmel.com\/sv\/#organization"},"potentialAction":[{"@type":"SearchAction","target":{"@type":"EntryPoint","urlTemplate":"https:\/\/nicandmel.com\/sv\/?s={search_term_string}"},"query-input":{"@type":"PropertyValueSpecification","valueRequired":true,"valueName":"search_term_string"}}],"inLanguage":"sv-SE"},{"@type":"Organization","@id":"https:\/\/nicandmel.com\/sv\/#organization","name":"Nic & Mel","url":"https:\/\/nicandmel.com\/sv\/","logo":{"@type":"ImageObject","inLanguage":"sv-SE","@id":"https:\/\/nicandmel.com\/sv\/#\/schema\/logo\/image\/","url":"https:\/\/nicandmel.com\/wp-content\/uploads\/2021\/07\/nic_and_mel_logo.png","contentUrl":"https:\/\/nicandmel.com\/wp-content\/uploads\/2021\/07\/nic_and_mel_logo.png","width":1237,"height":263,"caption":"Nic & Mel"},"image":{"@id":"https:\/\/nicandmel.com\/sv\/#\/schema\/logo\/image\/"},"sameAs":["https:\/\/www.facebook.com\/nicandmel"]}]}},"_links":{"self":[{"href":"https:\/\/nicandmel.com\/sv\/wp-json\/wp\/v2\/product\/19213","targetHints":{"allow":["GET"]}}],"collection":[{"href":"https:\/\/nicandmel.com\/sv\/wp-json\/wp\/v2\/product"}],"about":[{"href":"https:\/\/nicandmel.com\/sv\/wp-json\/wp\/v2\/types\/product"}],"wp:featuredmedia":[{"embeddable":true,"href":"https:\/\/nicandmel.com\/sv\/wp-json\/wp\/v2\/media\/16065"}],"wp:attachment":[{"href":"https:\/\/nicandmel.com\/sv\/wp-json\/wp\/v2\/media?parent=19213"}],"wp:term":[{"taxonomy":"product_brand","embeddable":true,"href":"https:\/\/nicandmel.com\/sv\/wp-json\/wp\/v2\/product_brand?post=19213"},{"taxonomy":"product_cat","embeddable":true,"href":"https:\/\/nicandmel.com\/sv\/wp-json\/wp\/v2\/product_cat?post=19213"},{"taxonomy":"product_tag","embeddable":true,"href":"https:\/\/nicandmel.com\/sv\/wp-json\/wp\/v2\/product_tag?post=19213"}],"curies":[{"name":"wp","href":"https:\/\/api.w.org\/{rel}","templated":true}]}}