{"id":19217,"date":"2016-10-08T13:26:55","date_gmt":"2016-10-08T11:26:55","guid":{"rendered":"https:\/\/nicandmel.com\/product\/wayne-computerbag-15-cognac-lader\/"},"modified":"2024-11-07T15:13:03","modified_gmt":"2024-11-07T14:13:03","slug":"wayne-computerbag-15-cognac-lader","status":"publish","type":"product","link":"https:\/\/nicandmel.com\/sv\/produkt\/wayne-computerbag-15-cognac-lader\/","title":{"rendered":"WAYNE COMPUTERBAG 15&#8243; <br>Cognac l\u00e4der"},"content":{"rendered":"<p>Wayne \u00e4r en datorv\u00e4ska tillverkad i cognacsf\u00e4rgat l\u00e4der. F\u00f6rutom ett fack f\u00f6r dator finns \u00e4ven fack f\u00f6r t.ex. papper och mobiltelefon. Wayne st\u00e4ngs med dragkedja. Axelremmen \u00e4r avtagbar och l\u00e4ngden \u00e4r justerbar. Passar Macbook-datorer upp till 15 tum och de flesta 15-tums b\u00e4rbara PC-datorer. L\u00e4ngd: 40 cm H\u00f6jd: 29 cm Djup: 6 cm Material: 100% \u00e4kta l\u00e4der     <\/p>\n","protected":false},"excerpt":{"rendered":"<p>Wayne \u00e4r en datorv\u00e4ska tillverkad i cognacsf\u00e4rgat l\u00e4der. F\u00f6rutom ett fack f\u00f6r dator finns \u00e4ven fack f\u00f6r t.ex. papper och mobiltelefon. Wayne st\u00e4ngs med dragkedja. Axelremmen \u00e4r avtagbar och l\u00e4ngden \u00e4r justerbar. Passar Macbook-datorer upp till 15 tum och de flesta 15-tums b\u00e4rbara PC-datorer. L\u00e4ngd: 40 cm H\u00f6jd: 29 cm Djup: 6 cm Material: 100% &hellip;<\/p>\n","protected":false},"featured_media":16650,"template":"","meta":{"_acf_changed":false},"product_brand":[],"product_cat":[1807],"product_tag":[],"class_list":{"0":"post-19217","1":"product","2":"type-product","3":"status-publish","4":"has-post-thumbnail","6":"product_cat-vaskor","8":"first","9":"outofstock","10":"taxable","11":"shipping-taxable","12":"purchasable","13":"product-type-simple"},"acf":[],"yoast_head":"<!-- This site is optimized with the Yoast SEO plugin v27.3 - https:\/\/yoast.com\/product\/yoast-seo-wordpress\/ -->\n<title>WAYNE COMPUTERBAG 15&quot; Cognac l\u00e4der - Nic &amp; Mel<\/title>\n<meta name=\"robots\" content=\"index, follow, max-snippet:-1, max-image-preview:large, max-video-preview:-1\" \/>\n<link rel=\"canonical\" href=\"https:\/\/nicandmel.com\/sv\/produkt\/wayne-computerbag-15-cognac-lader\/\" \/>\n<meta property=\"og:locale\" content=\"sv_SE\" \/>\n<meta property=\"og:type\" content=\"article\" \/>\n<meta property=\"og:title\" content=\"WAYNE COMPUTERBAG 15&quot; Cognac l\u00e4der - Nic &amp; Mel\" \/>\n<meta property=\"og:description\" content=\"Wayne \u00e4r en datorv\u00e4ska tillverkad i cognacsf\u00e4rgat l\u00e4der. F\u00f6rutom ett fack f\u00f6r dator finns \u00e4ven fack f\u00f6r t.ex. papper och mobiltelefon. Wayne st\u00e4ngs med dragkedja. Axelremmen \u00e4r avtagbar och l\u00e4ngden \u00e4r justerbar. Passar Macbook-datorer upp till 15 tum och de flesta 15-tums b\u00e4rbara PC-datorer. L\u00e4ngd: 40 cm H\u00f6jd: 29 cm Djup: 6 cm Material: 100% &hellip;\" \/>\n<meta property=\"og:url\" content=\"https:\/\/nicandmel.com\/sv\/produkt\/wayne-computerbag-15-cognac-lader\/\" \/>\n<meta property=\"og:site_name\" content=\"Nic &amp; Mel\" \/>\n<meta property=\"article:publisher\" content=\"https:\/\/www.facebook.com\/nicandmel\" \/>\n<meta property=\"article:modified_time\" content=\"2024-11-07T14:13:03+00:00\" \/>\n<meta property=\"og:image\" content=\"https:\/\/nicandmel.com\/wp-content\/uploads\/2016\/10\/wayne_comp_cognac.jpg\" \/>\n\t<meta property=\"og:image:width\" content=\"2000\" \/>\n\t<meta property=\"og:image:height\" content=\"1371\" \/>\n\t<meta property=\"og:image:type\" content=\"image\/jpeg\" \/>\n<meta name=\"twitter:card\" content=\"summary_large_image\" \/>\n<script type=\"application\/ld+json\" class=\"yoast-schema-graph\">{\"@context\":\"https:\\\/\\\/schema.org\",\"@graph\":[{\"@type\":\"WebPage\",\"@id\":\"https:\\\/\\\/nicandmel.com\\\/sv\\\/produkt\\\/wayne-computerbag-15-cognac-lader\\\/\",\"url\":\"https:\\\/\\\/nicandmel.com\\\/sv\\\/produkt\\\/wayne-computerbag-15-cognac-lader\\\/\",\"name\":\"WAYNE COMPUTERBAG 15\\\" Cognac l\u00e4der - Nic &amp; Mel\",\"isPartOf\":{\"@id\":\"https:\\\/\\\/nicandmel.com\\\/sv\\\/#website\"},\"primaryImageOfPage\":{\"@id\":\"https:\\\/\\\/nicandmel.com\\\/sv\\\/produkt\\\/wayne-computerbag-15-cognac-lader\\\/#primaryimage\"},\"image\":{\"@id\":\"https:\\\/\\\/nicandmel.com\\\/sv\\\/produkt\\\/wayne-computerbag-15-cognac-lader\\\/#primaryimage\"},\"thumbnailUrl\":\"https:\\\/\\\/nicandmel.com\\\/wp-content\\\/uploads\\\/2016\\\/10\\\/wayne_comp_cognac.jpg\",\"datePublished\":\"2016-10-08T11:26:55+00:00\",\"dateModified\":\"2024-11-07T14:13:03+00:00\",\"breadcrumb\":{\"@id\":\"https:\\\/\\\/nicandmel.com\\\/sv\\\/produkt\\\/wayne-computerbag-15-cognac-lader\\\/#breadcrumb\"},\"inLanguage\":\"sv-SE\",\"potentialAction\":[{\"@type\":\"ReadAction\",\"target\":[\"https:\\\/\\\/nicandmel.com\\\/sv\\\/produkt\\\/wayne-computerbag-15-cognac-lader\\\/\"]}]},{\"@type\":\"ImageObject\",\"inLanguage\":\"sv-SE\",\"@id\":\"https:\\\/\\\/nicandmel.com\\\/sv\\\/produkt\\\/wayne-computerbag-15-cognac-lader\\\/#primaryimage\",\"url\":\"https:\\\/\\\/nicandmel.com\\\/wp-content\\\/uploads\\\/2016\\\/10\\\/wayne_comp_cognac.jpg\",\"contentUrl\":\"https:\\\/\\\/nicandmel.com\\\/wp-content\\\/uploads\\\/2016\\\/10\\\/wayne_comp_cognac.jpg\",\"width\":2000,\"height\":1371},{\"@type\":\"BreadcrumbList\",\"@id\":\"https:\\\/\\\/nicandmel.com\\\/sv\\\/produkt\\\/wayne-computerbag-15-cognac-lader\\\/#breadcrumb\",\"itemListElement\":[{\"@type\":\"ListItem\",\"position\":1,\"name\":\"Home\",\"item\":\"https:\\\/\\\/nicandmel.com\\\/sv\\\/\"},{\"@type\":\"ListItem\",\"position\":2,\"name\":\"Butik\",\"item\":\"https:\\\/\\\/nicandmel.com\\\/sv\\\/butik\\\/\"},{\"@type\":\"ListItem\",\"position\":3,\"name\":\"WAYNE COMPUTERBAG 15&#8243; Cognac l\u00e4der\"}]},{\"@type\":\"WebSite\",\"@id\":\"https:\\\/\\\/nicandmel.com\\\/sv\\\/#website\",\"url\":\"https:\\\/\\\/nicandmel.com\\\/sv\\\/\",\"name\":\"Nic & Mel\",\"description\":\"Handmade leather goods\",\"publisher\":{\"@id\":\"https:\\\/\\\/nicandmel.com\\\/sv\\\/#organization\"},\"potentialAction\":[{\"@type\":\"SearchAction\",\"target\":{\"@type\":\"EntryPoint\",\"urlTemplate\":\"https:\\\/\\\/nicandmel.com\\\/sv\\\/?s={search_term_string}\"},\"query-input\":{\"@type\":\"PropertyValueSpecification\",\"valueRequired\":true,\"valueName\":\"search_term_string\"}}],\"inLanguage\":\"sv-SE\"},{\"@type\":\"Organization\",\"@id\":\"https:\\\/\\\/nicandmel.com\\\/sv\\\/#organization\",\"name\":\"Nic & Mel\",\"url\":\"https:\\\/\\\/nicandmel.com\\\/sv\\\/\",\"logo\":{\"@type\":\"ImageObject\",\"inLanguage\":\"sv-SE\",\"@id\":\"https:\\\/\\\/nicandmel.com\\\/sv\\\/#\\\/schema\\\/logo\\\/image\\\/\",\"url\":\"https:\\\/\\\/nicandmel.com\\\/wp-content\\\/uploads\\\/2021\\\/07\\\/nic_and_mel_logo.png\",\"contentUrl\":\"https:\\\/\\\/nicandmel.com\\\/wp-content\\\/uploads\\\/2021\\\/07\\\/nic_and_mel_logo.png\",\"width\":1237,\"height\":263,\"caption\":\"Nic & Mel\"},\"image\":{\"@id\":\"https:\\\/\\\/nicandmel.com\\\/sv\\\/#\\\/schema\\\/logo\\\/image\\\/\"},\"sameAs\":[\"https:\\\/\\\/www.facebook.com\\\/nicandmel\"]}]}<\/script>\n<!-- \/ Yoast SEO plugin. -->","yoast_head_json":{"title":"WAYNE COMPUTERBAG 15\" Cognac l\u00e4der - Nic &amp; Mel","robots":{"index":"index","follow":"follow","max-snippet":"max-snippet:-1","max-image-preview":"max-image-preview:large","max-video-preview":"max-video-preview:-1"},"canonical":"https:\/\/nicandmel.com\/sv\/produkt\/wayne-computerbag-15-cognac-lader\/","og_locale":"sv_SE","og_type":"article","og_title":"WAYNE COMPUTERBAG 15\" Cognac l\u00e4der - Nic &amp; Mel","og_description":"Wayne \u00e4r en datorv\u00e4ska tillverkad i cognacsf\u00e4rgat l\u00e4der. F\u00f6rutom ett fack f\u00f6r dator finns \u00e4ven fack f\u00f6r t.ex. papper och mobiltelefon. Wayne st\u00e4ngs med dragkedja. Axelremmen \u00e4r avtagbar och l\u00e4ngden \u00e4r justerbar. Passar Macbook-datorer upp till 15 tum och de flesta 15-tums b\u00e4rbara PC-datorer. L\u00e4ngd: 40 cm H\u00f6jd: 29 cm Djup: 6 cm Material: 100% &hellip;","og_url":"https:\/\/nicandmel.com\/sv\/produkt\/wayne-computerbag-15-cognac-lader\/","og_site_name":"Nic &amp; Mel","article_publisher":"https:\/\/www.facebook.com\/nicandmel","article_modified_time":"2024-11-07T14:13:03+00:00","og_image":[{"width":2000,"height":1371,"url":"https:\/\/nicandmel.com\/wp-content\/uploads\/2016\/10\/wayne_comp_cognac.jpg","type":"image\/jpeg"}],"twitter_card":"summary_large_image","schema":{"@context":"https:\/\/schema.org","@graph":[{"@type":"WebPage","@id":"https:\/\/nicandmel.com\/sv\/produkt\/wayne-computerbag-15-cognac-lader\/","url":"https:\/\/nicandmel.com\/sv\/produkt\/wayne-computerbag-15-cognac-lader\/","name":"WAYNE COMPUTERBAG 15\" Cognac l\u00e4der - Nic &amp; Mel","isPartOf":{"@id":"https:\/\/nicandmel.com\/sv\/#website"},"primaryImageOfPage":{"@id":"https:\/\/nicandmel.com\/sv\/produkt\/wayne-computerbag-15-cognac-lader\/#primaryimage"},"image":{"@id":"https:\/\/nicandmel.com\/sv\/produkt\/wayne-computerbag-15-cognac-lader\/#primaryimage"},"thumbnailUrl":"https:\/\/nicandmel.com\/wp-content\/uploads\/2016\/10\/wayne_comp_cognac.jpg","datePublished":"2016-10-08T11:26:55+00:00","dateModified":"2024-11-07T14:13:03+00:00","breadcrumb":{"@id":"https:\/\/nicandmel.com\/sv\/produkt\/wayne-computerbag-15-cognac-lader\/#breadcrumb"},"inLanguage":"sv-SE","potentialAction":[{"@type":"ReadAction","target":["https:\/\/nicandmel.com\/sv\/produkt\/wayne-computerbag-15-cognac-lader\/"]}]},{"@type":"ImageObject","inLanguage":"sv-SE","@id":"https:\/\/nicandmel.com\/sv\/produkt\/wayne-computerbag-15-cognac-lader\/#primaryimage","url":"https:\/\/nicandmel.com\/wp-content\/uploads\/2016\/10\/wayne_comp_cognac.jpg","contentUrl":"https:\/\/nicandmel.com\/wp-content\/uploads\/2016\/10\/wayne_comp_cognac.jpg","width":2000,"height":1371},{"@type":"BreadcrumbList","@id":"https:\/\/nicandmel.com\/sv\/produkt\/wayne-computerbag-15-cognac-lader\/#breadcrumb","itemListElement":[{"@type":"ListItem","position":1,"name":"Home","item":"https:\/\/nicandmel.com\/sv\/"},{"@type":"ListItem","position":2,"name":"Butik","item":"https:\/\/nicandmel.com\/sv\/butik\/"},{"@type":"ListItem","position":3,"name":"WAYNE COMPUTERBAG 15&#8243; Cognac l\u00e4der"}]},{"@type":"WebSite","@id":"https:\/\/nicandmel.com\/sv\/#website","url":"https:\/\/nicandmel.com\/sv\/","name":"Nic & Mel","description":"Handmade leather goods","publisher":{"@id":"https:\/\/nicandmel.com\/sv\/#organization"},"potentialAction":[{"@type":"SearchAction","target":{"@type":"EntryPoint","urlTemplate":"https:\/\/nicandmel.com\/sv\/?s={search_term_string}"},"query-input":{"@type":"PropertyValueSpecification","valueRequired":true,"valueName":"search_term_string"}}],"inLanguage":"sv-SE"},{"@type":"Organization","@id":"https:\/\/nicandmel.com\/sv\/#organization","name":"Nic & Mel","url":"https:\/\/nicandmel.com\/sv\/","logo":{"@type":"ImageObject","inLanguage":"sv-SE","@id":"https:\/\/nicandmel.com\/sv\/#\/schema\/logo\/image\/","url":"https:\/\/nicandmel.com\/wp-content\/uploads\/2021\/07\/nic_and_mel_logo.png","contentUrl":"https:\/\/nicandmel.com\/wp-content\/uploads\/2021\/07\/nic_and_mel_logo.png","width":1237,"height":263,"caption":"Nic & Mel"},"image":{"@id":"https:\/\/nicandmel.com\/sv\/#\/schema\/logo\/image\/"},"sameAs":["https:\/\/www.facebook.com\/nicandmel"]}]}},"_links":{"self":[{"href":"https:\/\/nicandmel.com\/sv\/wp-json\/wp\/v2\/product\/19217","targetHints":{"allow":["GET"]}}],"collection":[{"href":"https:\/\/nicandmel.com\/sv\/wp-json\/wp\/v2\/product"}],"about":[{"href":"https:\/\/nicandmel.com\/sv\/wp-json\/wp\/v2\/types\/product"}],"wp:featuredmedia":[{"embeddable":true,"href":"https:\/\/nicandmel.com\/sv\/wp-json\/wp\/v2\/media\/16650"}],"wp:attachment":[{"href":"https:\/\/nicandmel.com\/sv\/wp-json\/wp\/v2\/media?parent=19217"}],"wp:term":[{"taxonomy":"product_brand","embeddable":true,"href":"https:\/\/nicandmel.com\/sv\/wp-json\/wp\/v2\/product_brand?post=19217"},{"taxonomy":"product_cat","embeddable":true,"href":"https:\/\/nicandmel.com\/sv\/wp-json\/wp\/v2\/product_cat?post=19217"},{"taxonomy":"product_tag","embeddable":true,"href":"https:\/\/nicandmel.com\/sv\/wp-json\/wp\/v2\/product_tag?post=19217"}],"curies":[{"name":"wp","href":"https:\/\/api.w.org\/{rel}","templated":true}]}}