{"id":19225,"date":"2016-08-18T15:25:36","date_gmt":"2016-08-18T13:25:36","guid":{"rendered":"https:\/\/nicandmel.com\/product\/gene-key-case-cognacsfargat-lader\/"},"modified":"2016-08-18T15:25:36","modified_gmt":"2016-08-18T13:25:36","slug":"gene-key-case-cognacsfargat-lader","status":"publish","type":"product","link":"https:\/\/nicandmel.com\/sv\/produkt\/gene-key-case-cognacsfargat-lader\/","title":{"rendered":"GENE KEY CASE <br> Cognacsf\u00e4rgat l\u00e4der"},"content":{"rendered":"<p>[vc_row][vc_column width=&#8221;2\/3&#8243;][vc_column_text]BESKRIVNING  <\/p>\n<div class=\"wpb_text_column wpb_content_element \">\n<div class=\"wpb_wrapper\">  Gene nyckelfodral \u00e4r tillverkat av \u00e4kta cognacsf\u00e4rgat l\u00e4der och metall. Det skyddar dina fickor och\/eller v\u00e4skor fr\u00e5n vassa nycklar och nycklarna f\u00f6rvaras s\u00e4kert p\u00e5 ett och samma st\u00e4lle.   <\/div>\n<\/div>\n<p>[\/vc_column_text][vc_empty_space][\/vc_column][vc_column width=&#8221;1\/3&#8243; css=&#8221;.vc_custom_1475949369695{border-left-width: 1px !important;border-left-color: #e5e5e5 !important;border-left-style: solid !important;border-radius: 1px !important;}&#8221;][vc_column_text]DETALJER L\u00e4ngd: 11 cm Bredd: 7,5 cm Material: \u00c4kta l\u00e4der[\/vc_column_text][\/vc_column][\/vc_row]<\/p>\n","protected":false},"excerpt":{"rendered":"<p>[vc_row][vc_column width=&#8221;2\/3&#8243;][vc_column_text]BESKRIVNING Gene nyckelfodral \u00e4r tillverkat av \u00e4kta cognacsf\u00e4rgat l\u00e4der och metall. Det skyddar dina fickor och\/eller v\u00e4skor fr\u00e5n vassa nycklar och nycklarna f\u00f6rvaras s\u00e4kert p\u00e5 ett och samma st\u00e4lle. [\/vc_column_text][vc_empty_space][\/vc_column][vc_column width=&#8221;1\/3&#8243; css=&#8221;.vc_custom_1475949369695{border-left-width: 1px !important;border-left-color: #e5e5e5 !important;border-left-style: solid !important;border-radius: 1px !important;}&#8221;][vc_column_text]DETALJER L\u00e4ngd: 11 cm Bredd: 7,5 cm Material: \u00c4kta l\u00e4der[\/vc_column_text][\/vc_column][\/vc_row]<\/p>\n","protected":false},"featured_media":16980,"template":"","meta":{"_acf_changed":false},"product_brand":[],"product_cat":[1810],"product_tag":[],"class_list":{"0":"post-19225","1":"product","2":"type-product","3":"status-publish","4":"has-post-thumbnail","6":"product_cat-nyckelhallare","8":"first","9":"outofstock","10":"taxable","11":"shipping-taxable","12":"purchasable","13":"product-type-simple"},"acf":[],"yoast_head":"<!-- This site is optimized with the Yoast SEO plugin v27.5 - https:\/\/yoast.com\/product\/yoast-seo-wordpress\/ -->\n<title>GENE KEY CASE  Cognacsf\u00e4rgat l\u00e4der - Nic &amp; Mel<\/title>\n<meta name=\"robots\" content=\"index, follow, max-snippet:-1, max-image-preview:large, max-video-preview:-1\" \/>\n<link rel=\"canonical\" href=\"https:\/\/nicandmel.com\/sv\/produkt\/gene-key-case-cognacsfargat-lader\/\" \/>\n<meta property=\"og:locale\" content=\"sv_SE\" \/>\n<meta property=\"og:type\" content=\"article\" \/>\n<meta property=\"og:title\" content=\"GENE KEY CASE  Cognacsf\u00e4rgat l\u00e4der - Nic &amp; Mel\" \/>\n<meta property=\"og:description\" content=\"[vc_row][vc_column width=&#8221;2\/3&#8243;][vc_column_text]BESKRIVNING Gene nyckelfodral \u00e4r tillverkat av \u00e4kta cognacsf\u00e4rgat l\u00e4der och metall. Det skyddar dina fickor och\/eller v\u00e4skor fr\u00e5n vassa nycklar och nycklarna f\u00f6rvaras s\u00e4kert p\u00e5 ett och samma st\u00e4lle. [\/vc_column_text][vc_empty_space][\/vc_column][vc_column width=&#8221;1\/3&#8243; css=&#8221;.vc_custom_1475949369695{border-left-width: 1px !important;border-left-color: #e5e5e5 !important;border-left-style: solid !important;border-radius: 1px !important;}&#8221;][vc_column_text]DETALJER L\u00e4ngd: 11 cm Bredd: 7,5 cm Material: \u00c4kta l\u00e4der[\/vc_column_text][\/vc_column][\/vc_row]\" \/>\n<meta property=\"og:url\" content=\"https:\/\/nicandmel.com\/sv\/produkt\/gene-key-case-cognacsfargat-lader\/\" \/>\n<meta property=\"og:site_name\" content=\"Nic &amp; Mel\" \/>\n<meta property=\"article:publisher\" content=\"https:\/\/www.facebook.com\/nicandmel\" \/>\n<meta property=\"og:image\" content=\"https:\/\/nicandmel.com\/wp-content\/uploads\/2016\/11\/Gene-front.jpg\" \/>\n\t<meta property=\"og:image:width\" content=\"2000\" \/>\n\t<meta property=\"og:image:height\" content=\"1371\" \/>\n\t<meta property=\"og:image:type\" content=\"image\/jpeg\" \/>\n<meta name=\"twitter:card\" content=\"summary_large_image\" \/>\n<script type=\"application\/ld+json\" class=\"yoast-schema-graph\">{\"@context\":\"https:\\\/\\\/schema.org\",\"@graph\":[{\"@type\":\"WebPage\",\"@id\":\"https:\\\/\\\/nicandmel.com\\\/sv\\\/produkt\\\/gene-key-case-cognacsfargat-lader\\\/\",\"url\":\"https:\\\/\\\/nicandmel.com\\\/sv\\\/produkt\\\/gene-key-case-cognacsfargat-lader\\\/\",\"name\":\"GENE KEY CASE Cognacsf\u00e4rgat l\u00e4der - Nic &amp; Mel\",\"isPartOf\":{\"@id\":\"https:\\\/\\\/nicandmel.com\\\/sv\\\/#website\"},\"primaryImageOfPage\":{\"@id\":\"https:\\\/\\\/nicandmel.com\\\/sv\\\/produkt\\\/gene-key-case-cognacsfargat-lader\\\/#primaryimage\"},\"image\":{\"@id\":\"https:\\\/\\\/nicandmel.com\\\/sv\\\/produkt\\\/gene-key-case-cognacsfargat-lader\\\/#primaryimage\"},\"thumbnailUrl\":\"https:\\\/\\\/nicandmel.com\\\/wp-content\\\/uploads\\\/2016\\\/11\\\/Gene-front.jpg\",\"datePublished\":\"2016-08-18T13:25:36+00:00\",\"breadcrumb\":{\"@id\":\"https:\\\/\\\/nicandmel.com\\\/sv\\\/produkt\\\/gene-key-case-cognacsfargat-lader\\\/#breadcrumb\"},\"inLanguage\":\"sv-SE\",\"potentialAction\":[{\"@type\":\"ReadAction\",\"target\":[\"https:\\\/\\\/nicandmel.com\\\/sv\\\/produkt\\\/gene-key-case-cognacsfargat-lader\\\/\"]}]},{\"@type\":\"ImageObject\",\"inLanguage\":\"sv-SE\",\"@id\":\"https:\\\/\\\/nicandmel.com\\\/sv\\\/produkt\\\/gene-key-case-cognacsfargat-lader\\\/#primaryimage\",\"url\":\"https:\\\/\\\/nicandmel.com\\\/wp-content\\\/uploads\\\/2016\\\/11\\\/Gene-front.jpg\",\"contentUrl\":\"https:\\\/\\\/nicandmel.com\\\/wp-content\\\/uploads\\\/2016\\\/11\\\/Gene-front.jpg\",\"width\":2000,\"height\":1371},{\"@type\":\"BreadcrumbList\",\"@id\":\"https:\\\/\\\/nicandmel.com\\\/sv\\\/produkt\\\/gene-key-case-cognacsfargat-lader\\\/#breadcrumb\",\"itemListElement\":[{\"@type\":\"ListItem\",\"position\":1,\"name\":\"Home\",\"item\":\"https:\\\/\\\/nicandmel.com\\\/sv\\\/\"},{\"@type\":\"ListItem\",\"position\":2,\"name\":\"Butik\",\"item\":\"https:\\\/\\\/nicandmel.com\\\/sv\\\/butik\\\/\"},{\"@type\":\"ListItem\",\"position\":3,\"name\":\"GENE KEY CASE Cognacsf\u00e4rgat l\u00e4der\"}]},{\"@type\":\"WebSite\",\"@id\":\"https:\\\/\\\/nicandmel.com\\\/sv\\\/#website\",\"url\":\"https:\\\/\\\/nicandmel.com\\\/sv\\\/\",\"name\":\"Nic & Mel\",\"description\":\"Handmade leather goods\",\"publisher\":{\"@id\":\"https:\\\/\\\/nicandmel.com\\\/sv\\\/#organization\"},\"potentialAction\":[{\"@type\":\"SearchAction\",\"target\":{\"@type\":\"EntryPoint\",\"urlTemplate\":\"https:\\\/\\\/nicandmel.com\\\/sv\\\/?s={search_term_string}\"},\"query-input\":{\"@type\":\"PropertyValueSpecification\",\"valueRequired\":true,\"valueName\":\"search_term_string\"}}],\"inLanguage\":\"sv-SE\"},{\"@type\":\"Organization\",\"@id\":\"https:\\\/\\\/nicandmel.com\\\/sv\\\/#organization\",\"name\":\"Nic & Mel\",\"url\":\"https:\\\/\\\/nicandmel.com\\\/sv\\\/\",\"logo\":{\"@type\":\"ImageObject\",\"inLanguage\":\"sv-SE\",\"@id\":\"https:\\\/\\\/nicandmel.com\\\/sv\\\/#\\\/schema\\\/logo\\\/image\\\/\",\"url\":\"https:\\\/\\\/nicandmel.com\\\/wp-content\\\/uploads\\\/2021\\\/07\\\/nic_and_mel_logo.png\",\"contentUrl\":\"https:\\\/\\\/nicandmel.com\\\/wp-content\\\/uploads\\\/2021\\\/07\\\/nic_and_mel_logo.png\",\"width\":1237,\"height\":263,\"caption\":\"Nic & Mel\"},\"image\":{\"@id\":\"https:\\\/\\\/nicandmel.com\\\/sv\\\/#\\\/schema\\\/logo\\\/image\\\/\"},\"sameAs\":[\"https:\\\/\\\/www.facebook.com\\\/nicandmel\"]}]}<\/script>\n<!-- \/ Yoast SEO plugin. -->","yoast_head_json":{"title":"GENE KEY CASE  Cognacsf\u00e4rgat l\u00e4der - Nic &amp; Mel","robots":{"index":"index","follow":"follow","max-snippet":"max-snippet:-1","max-image-preview":"max-image-preview:large","max-video-preview":"max-video-preview:-1"},"canonical":"https:\/\/nicandmel.com\/sv\/produkt\/gene-key-case-cognacsfargat-lader\/","og_locale":"sv_SE","og_type":"article","og_title":"GENE KEY CASE  Cognacsf\u00e4rgat l\u00e4der - Nic &amp; Mel","og_description":"[vc_row][vc_column width=&#8221;2\/3&#8243;][vc_column_text]BESKRIVNING Gene nyckelfodral \u00e4r tillverkat av \u00e4kta cognacsf\u00e4rgat l\u00e4der och metall. Det skyddar dina fickor och\/eller v\u00e4skor fr\u00e5n vassa nycklar och nycklarna f\u00f6rvaras s\u00e4kert p\u00e5 ett och samma st\u00e4lle. [\/vc_column_text][vc_empty_space][\/vc_column][vc_column width=&#8221;1\/3&#8243; css=&#8221;.vc_custom_1475949369695{border-left-width: 1px !important;border-left-color: #e5e5e5 !important;border-left-style: solid !important;border-radius: 1px !important;}&#8221;][vc_column_text]DETALJER L\u00e4ngd: 11 cm Bredd: 7,5 cm Material: \u00c4kta l\u00e4der[\/vc_column_text][\/vc_column][\/vc_row]","og_url":"https:\/\/nicandmel.com\/sv\/produkt\/gene-key-case-cognacsfargat-lader\/","og_site_name":"Nic &amp; Mel","article_publisher":"https:\/\/www.facebook.com\/nicandmel","og_image":[{"width":2000,"height":1371,"url":"https:\/\/nicandmel.com\/wp-content\/uploads\/2016\/11\/Gene-front.jpg","type":"image\/jpeg"}],"twitter_card":"summary_large_image","schema":{"@context":"https:\/\/schema.org","@graph":[{"@type":"WebPage","@id":"https:\/\/nicandmel.com\/sv\/produkt\/gene-key-case-cognacsfargat-lader\/","url":"https:\/\/nicandmel.com\/sv\/produkt\/gene-key-case-cognacsfargat-lader\/","name":"GENE KEY CASE Cognacsf\u00e4rgat l\u00e4der - Nic &amp; Mel","isPartOf":{"@id":"https:\/\/nicandmel.com\/sv\/#website"},"primaryImageOfPage":{"@id":"https:\/\/nicandmel.com\/sv\/produkt\/gene-key-case-cognacsfargat-lader\/#primaryimage"},"image":{"@id":"https:\/\/nicandmel.com\/sv\/produkt\/gene-key-case-cognacsfargat-lader\/#primaryimage"},"thumbnailUrl":"https:\/\/nicandmel.com\/wp-content\/uploads\/2016\/11\/Gene-front.jpg","datePublished":"2016-08-18T13:25:36+00:00","breadcrumb":{"@id":"https:\/\/nicandmel.com\/sv\/produkt\/gene-key-case-cognacsfargat-lader\/#breadcrumb"},"inLanguage":"sv-SE","potentialAction":[{"@type":"ReadAction","target":["https:\/\/nicandmel.com\/sv\/produkt\/gene-key-case-cognacsfargat-lader\/"]}]},{"@type":"ImageObject","inLanguage":"sv-SE","@id":"https:\/\/nicandmel.com\/sv\/produkt\/gene-key-case-cognacsfargat-lader\/#primaryimage","url":"https:\/\/nicandmel.com\/wp-content\/uploads\/2016\/11\/Gene-front.jpg","contentUrl":"https:\/\/nicandmel.com\/wp-content\/uploads\/2016\/11\/Gene-front.jpg","width":2000,"height":1371},{"@type":"BreadcrumbList","@id":"https:\/\/nicandmel.com\/sv\/produkt\/gene-key-case-cognacsfargat-lader\/#breadcrumb","itemListElement":[{"@type":"ListItem","position":1,"name":"Home","item":"https:\/\/nicandmel.com\/sv\/"},{"@type":"ListItem","position":2,"name":"Butik","item":"https:\/\/nicandmel.com\/sv\/butik\/"},{"@type":"ListItem","position":3,"name":"GENE KEY CASE Cognacsf\u00e4rgat l\u00e4der"}]},{"@type":"WebSite","@id":"https:\/\/nicandmel.com\/sv\/#website","url":"https:\/\/nicandmel.com\/sv\/","name":"Nic & Mel","description":"Handmade leather goods","publisher":{"@id":"https:\/\/nicandmel.com\/sv\/#organization"},"potentialAction":[{"@type":"SearchAction","target":{"@type":"EntryPoint","urlTemplate":"https:\/\/nicandmel.com\/sv\/?s={search_term_string}"},"query-input":{"@type":"PropertyValueSpecification","valueRequired":true,"valueName":"search_term_string"}}],"inLanguage":"sv-SE"},{"@type":"Organization","@id":"https:\/\/nicandmel.com\/sv\/#organization","name":"Nic & Mel","url":"https:\/\/nicandmel.com\/sv\/","logo":{"@type":"ImageObject","inLanguage":"sv-SE","@id":"https:\/\/nicandmel.com\/sv\/#\/schema\/logo\/image\/","url":"https:\/\/nicandmel.com\/wp-content\/uploads\/2021\/07\/nic_and_mel_logo.png","contentUrl":"https:\/\/nicandmel.com\/wp-content\/uploads\/2021\/07\/nic_and_mel_logo.png","width":1237,"height":263,"caption":"Nic & Mel"},"image":{"@id":"https:\/\/nicandmel.com\/sv\/#\/schema\/logo\/image\/"},"sameAs":["https:\/\/www.facebook.com\/nicandmel"]}]}},"_links":{"self":[{"href":"https:\/\/nicandmel.com\/sv\/wp-json\/wp\/v2\/product\/19225","targetHints":{"allow":["GET"]}}],"collection":[{"href":"https:\/\/nicandmel.com\/sv\/wp-json\/wp\/v2\/product"}],"about":[{"href":"https:\/\/nicandmel.com\/sv\/wp-json\/wp\/v2\/types\/product"}],"wp:featuredmedia":[{"embeddable":true,"href":"https:\/\/nicandmel.com\/sv\/wp-json\/wp\/v2\/media\/16980"}],"wp:attachment":[{"href":"https:\/\/nicandmel.com\/sv\/wp-json\/wp\/v2\/media?parent=19225"}],"wp:term":[{"taxonomy":"product_brand","embeddable":true,"href":"https:\/\/nicandmel.com\/sv\/wp-json\/wp\/v2\/product_brand?post=19225"},{"taxonomy":"product_cat","embeddable":true,"href":"https:\/\/nicandmel.com\/sv\/wp-json\/wp\/v2\/product_cat?post=19225"},{"taxonomy":"product_tag","embeddable":true,"href":"https:\/\/nicandmel.com\/sv\/wp-json\/wp\/v2\/product_tag?post=19225"}],"curies":[{"name":"wp","href":"https:\/\/api.w.org\/{rel}","templated":true}]}}