{"id":19229,"date":"2019-01-02T01:46:11","date_gmt":"2019-01-02T00:46:11","guid":{"rendered":"https:\/\/nicandmel.com\/product\/floyd-korthallarenackat-lader-med-pengaklipp\/"},"modified":"2024-11-07T15:24:47","modified_gmt":"2024-11-07T14:24:47","slug":"floyd-korthallarenackat-lader-med-pengaklipp","status":"publish","type":"product","link":"https:\/\/nicandmel.com\/sv\/produkt\/floyd-korthallarenackat-lader-med-pengaklipp\/","title":{"rendered":"FLOYD KORTH\u00c5LLARENackat l\u00e4der med pengaklipp"},"content":{"rendered":"<p>Floyd korth\u00e5llare \u00e4r en retroinspirerad pl\u00e5nbok med pengaklipp. Vi har gjort en uppgradering genom att l\u00e4gga till tv\u00e5 kortfack, varje fack passar f\u00f6r 1-3 kort. Den perfekta pl\u00e5nboken n\u00e4r du bara vill ha med dig det viktigaste och \u00e4nd\u00e5 vara snygg. Floyd \u00e4r tillverkad av sl\u00e4tt, \u00e4kta koskinn. Observera att den h\u00e4r produkten \u00e4r tillverkad av or\u00f6rt l\u00e4der, vilket inneb\u00e4r att den kommer att m\u00f6rkna och \u00e5ldras med tiden. L\u00e4ngd: 11cm<br \/>\nBredd: 7,5cm Material: Ogarvat \u00e4kta l\u00e4der   <\/p>\n","protected":false},"excerpt":{"rendered":"<p>Floyd korth\u00e5llare \u00e4r en gammaldags pl\u00e5nbok med gem. Den \u00e4r supertunn och ryms l\u00e4tt i fickan. <\/p>\n","protected":false},"featured_media":18015,"template":"","meta":{"_acf_changed":false},"product_brand":[],"product_cat":[1819],"product_tag":[],"class_list":{"0":"post-19229","1":"product","2":"type-product","3":"status-publish","4":"has-post-thumbnail","6":"product_cat-planbocker-korthallare","8":"first","9":"instock","10":"taxable","11":"shipping-taxable","12":"purchasable","13":"product-type-simple"},"acf":[],"yoast_head":"<!-- This site is optimized with the Yoast SEO plugin v27.5 - https:\/\/yoast.com\/product\/yoast-seo-wordpress\/ -->\n<title>FLOYD KORTH\u00c5LLARENackat l\u00e4der med pengaklipp - Nic &amp; Mel<\/title>\n<meta name=\"robots\" content=\"index, follow, max-snippet:-1, max-image-preview:large, max-video-preview:-1\" \/>\n<link rel=\"canonical\" href=\"https:\/\/nicandmel.com\/sv\/produkt\/floyd-korthallarenackat-lader-med-pengaklipp\/\" \/>\n<meta property=\"og:locale\" content=\"sv_SE\" \/>\n<meta property=\"og:type\" content=\"article\" \/>\n<meta property=\"og:title\" content=\"FLOYD KORTH\u00c5LLARENackat l\u00e4der med pengaklipp - Nic &amp; Mel\" \/>\n<meta property=\"og:description\" content=\"Floyd korth\u00e5llare \u00e4r en gammaldags pl\u00e5nbok med gem. Den \u00e4r supertunn och ryms l\u00e4tt i fickan.\" \/>\n<meta property=\"og:url\" content=\"https:\/\/nicandmel.com\/sv\/produkt\/floyd-korthallarenackat-lader-med-pengaklipp\/\" \/>\n<meta property=\"og:site_name\" content=\"Nic &amp; Mel\" \/>\n<meta property=\"article:publisher\" content=\"https:\/\/www.facebook.com\/nicandmel\" \/>\n<meta property=\"article:modified_time\" content=\"2024-11-07T14:24:47+00:00\" \/>\n<meta property=\"og:image\" content=\"https:\/\/nicandmel.com\/wp-content\/uploads\/2016\/06\/floyd-card-holder-naked-tan-leather-w_-money-clip.jpg\" \/>\n\t<meta property=\"og:image:width\" content=\"1500\" \/>\n\t<meta property=\"og:image:height\" content=\"1829\" \/>\n\t<meta property=\"og:image:type\" content=\"image\/jpeg\" \/>\n<meta name=\"twitter:card\" content=\"summary_large_image\" \/>\n<script type=\"application\/ld+json\" class=\"yoast-schema-graph\">{\"@context\":\"https:\\\/\\\/schema.org\",\"@graph\":[{\"@type\":\"WebPage\",\"@id\":\"https:\\\/\\\/nicandmel.com\\\/sv\\\/produkt\\\/floyd-korthallarenackat-lader-med-pengaklipp\\\/\",\"url\":\"https:\\\/\\\/nicandmel.com\\\/sv\\\/produkt\\\/floyd-korthallarenackat-lader-med-pengaklipp\\\/\",\"name\":\"FLOYD KORTH\u00c5LLARENackat l\u00e4der med pengaklipp - Nic &amp; Mel\",\"isPartOf\":{\"@id\":\"https:\\\/\\\/nicandmel.com\\\/sv\\\/#website\"},\"primaryImageOfPage\":{\"@id\":\"https:\\\/\\\/nicandmel.com\\\/sv\\\/produkt\\\/floyd-korthallarenackat-lader-med-pengaklipp\\\/#primaryimage\"},\"image\":{\"@id\":\"https:\\\/\\\/nicandmel.com\\\/sv\\\/produkt\\\/floyd-korthallarenackat-lader-med-pengaklipp\\\/#primaryimage\"},\"thumbnailUrl\":\"https:\\\/\\\/nicandmel.com\\\/wp-content\\\/uploads\\\/2016\\\/06\\\/floyd-card-holder-naked-tan-leather-w_-money-clip.jpg\",\"datePublished\":\"2019-01-02T00:46:11+00:00\",\"dateModified\":\"2024-11-07T14:24:47+00:00\",\"breadcrumb\":{\"@id\":\"https:\\\/\\\/nicandmel.com\\\/sv\\\/produkt\\\/floyd-korthallarenackat-lader-med-pengaklipp\\\/#breadcrumb\"},\"inLanguage\":\"sv-SE\",\"potentialAction\":[{\"@type\":\"ReadAction\",\"target\":[\"https:\\\/\\\/nicandmel.com\\\/sv\\\/produkt\\\/floyd-korthallarenackat-lader-med-pengaklipp\\\/\"]}]},{\"@type\":\"ImageObject\",\"inLanguage\":\"sv-SE\",\"@id\":\"https:\\\/\\\/nicandmel.com\\\/sv\\\/produkt\\\/floyd-korthallarenackat-lader-med-pengaklipp\\\/#primaryimage\",\"url\":\"https:\\\/\\\/nicandmel.com\\\/wp-content\\\/uploads\\\/2016\\\/06\\\/floyd-card-holder-naked-tan-leather-w_-money-clip.jpg\",\"contentUrl\":\"https:\\\/\\\/nicandmel.com\\\/wp-content\\\/uploads\\\/2016\\\/06\\\/floyd-card-holder-naked-tan-leather-w_-money-clip.jpg\",\"width\":1500,\"height\":1829},{\"@type\":\"BreadcrumbList\",\"@id\":\"https:\\\/\\\/nicandmel.com\\\/sv\\\/produkt\\\/floyd-korthallarenackat-lader-med-pengaklipp\\\/#breadcrumb\",\"itemListElement\":[{\"@type\":\"ListItem\",\"position\":1,\"name\":\"Home\",\"item\":\"https:\\\/\\\/nicandmel.com\\\/sv\\\/\"},{\"@type\":\"ListItem\",\"position\":2,\"name\":\"Butik\",\"item\":\"https:\\\/\\\/nicandmel.com\\\/sv\\\/butik\\\/\"},{\"@type\":\"ListItem\",\"position\":3,\"name\":\"FLOYD KORTH\u00c5LLARENackat l\u00e4der med pengaklipp\"}]},{\"@type\":\"WebSite\",\"@id\":\"https:\\\/\\\/nicandmel.com\\\/sv\\\/#website\",\"url\":\"https:\\\/\\\/nicandmel.com\\\/sv\\\/\",\"name\":\"Nic & Mel\",\"description\":\"Handmade leather goods\",\"publisher\":{\"@id\":\"https:\\\/\\\/nicandmel.com\\\/sv\\\/#organization\"},\"potentialAction\":[{\"@type\":\"SearchAction\",\"target\":{\"@type\":\"EntryPoint\",\"urlTemplate\":\"https:\\\/\\\/nicandmel.com\\\/sv\\\/?s={search_term_string}\"},\"query-input\":{\"@type\":\"PropertyValueSpecification\",\"valueRequired\":true,\"valueName\":\"search_term_string\"}}],\"inLanguage\":\"sv-SE\"},{\"@type\":\"Organization\",\"@id\":\"https:\\\/\\\/nicandmel.com\\\/sv\\\/#organization\",\"name\":\"Nic & Mel\",\"url\":\"https:\\\/\\\/nicandmel.com\\\/sv\\\/\",\"logo\":{\"@type\":\"ImageObject\",\"inLanguage\":\"sv-SE\",\"@id\":\"https:\\\/\\\/nicandmel.com\\\/sv\\\/#\\\/schema\\\/logo\\\/image\\\/\",\"url\":\"https:\\\/\\\/nicandmel.com\\\/wp-content\\\/uploads\\\/2021\\\/07\\\/nic_and_mel_logo.png\",\"contentUrl\":\"https:\\\/\\\/nicandmel.com\\\/wp-content\\\/uploads\\\/2021\\\/07\\\/nic_and_mel_logo.png\",\"width\":1237,\"height\":263,\"caption\":\"Nic & Mel\"},\"image\":{\"@id\":\"https:\\\/\\\/nicandmel.com\\\/sv\\\/#\\\/schema\\\/logo\\\/image\\\/\"},\"sameAs\":[\"https:\\\/\\\/www.facebook.com\\\/nicandmel\"]}]}<\/script>\n<!-- \/ Yoast SEO plugin. -->","yoast_head_json":{"title":"FLOYD KORTH\u00c5LLARENackat l\u00e4der med pengaklipp - Nic &amp; Mel","robots":{"index":"index","follow":"follow","max-snippet":"max-snippet:-1","max-image-preview":"max-image-preview:large","max-video-preview":"max-video-preview:-1"},"canonical":"https:\/\/nicandmel.com\/sv\/produkt\/floyd-korthallarenackat-lader-med-pengaklipp\/","og_locale":"sv_SE","og_type":"article","og_title":"FLOYD KORTH\u00c5LLARENackat l\u00e4der med pengaklipp - Nic &amp; Mel","og_description":"Floyd korth\u00e5llare \u00e4r en gammaldags pl\u00e5nbok med gem. Den \u00e4r supertunn och ryms l\u00e4tt i fickan.","og_url":"https:\/\/nicandmel.com\/sv\/produkt\/floyd-korthallarenackat-lader-med-pengaklipp\/","og_site_name":"Nic &amp; Mel","article_publisher":"https:\/\/www.facebook.com\/nicandmel","article_modified_time":"2024-11-07T14:24:47+00:00","og_image":[{"width":1500,"height":1829,"url":"https:\/\/nicandmel.com\/wp-content\/uploads\/2016\/06\/floyd-card-holder-naked-tan-leather-w_-money-clip.jpg","type":"image\/jpeg"}],"twitter_card":"summary_large_image","schema":{"@context":"https:\/\/schema.org","@graph":[{"@type":"WebPage","@id":"https:\/\/nicandmel.com\/sv\/produkt\/floyd-korthallarenackat-lader-med-pengaklipp\/","url":"https:\/\/nicandmel.com\/sv\/produkt\/floyd-korthallarenackat-lader-med-pengaklipp\/","name":"FLOYD KORTH\u00c5LLARENackat l\u00e4der med pengaklipp - Nic &amp; Mel","isPartOf":{"@id":"https:\/\/nicandmel.com\/sv\/#website"},"primaryImageOfPage":{"@id":"https:\/\/nicandmel.com\/sv\/produkt\/floyd-korthallarenackat-lader-med-pengaklipp\/#primaryimage"},"image":{"@id":"https:\/\/nicandmel.com\/sv\/produkt\/floyd-korthallarenackat-lader-med-pengaklipp\/#primaryimage"},"thumbnailUrl":"https:\/\/nicandmel.com\/wp-content\/uploads\/2016\/06\/floyd-card-holder-naked-tan-leather-w_-money-clip.jpg","datePublished":"2019-01-02T00:46:11+00:00","dateModified":"2024-11-07T14:24:47+00:00","breadcrumb":{"@id":"https:\/\/nicandmel.com\/sv\/produkt\/floyd-korthallarenackat-lader-med-pengaklipp\/#breadcrumb"},"inLanguage":"sv-SE","potentialAction":[{"@type":"ReadAction","target":["https:\/\/nicandmel.com\/sv\/produkt\/floyd-korthallarenackat-lader-med-pengaklipp\/"]}]},{"@type":"ImageObject","inLanguage":"sv-SE","@id":"https:\/\/nicandmel.com\/sv\/produkt\/floyd-korthallarenackat-lader-med-pengaklipp\/#primaryimage","url":"https:\/\/nicandmel.com\/wp-content\/uploads\/2016\/06\/floyd-card-holder-naked-tan-leather-w_-money-clip.jpg","contentUrl":"https:\/\/nicandmel.com\/wp-content\/uploads\/2016\/06\/floyd-card-holder-naked-tan-leather-w_-money-clip.jpg","width":1500,"height":1829},{"@type":"BreadcrumbList","@id":"https:\/\/nicandmel.com\/sv\/produkt\/floyd-korthallarenackat-lader-med-pengaklipp\/#breadcrumb","itemListElement":[{"@type":"ListItem","position":1,"name":"Home","item":"https:\/\/nicandmel.com\/sv\/"},{"@type":"ListItem","position":2,"name":"Butik","item":"https:\/\/nicandmel.com\/sv\/butik\/"},{"@type":"ListItem","position":3,"name":"FLOYD KORTH\u00c5LLARENackat l\u00e4der med pengaklipp"}]},{"@type":"WebSite","@id":"https:\/\/nicandmel.com\/sv\/#website","url":"https:\/\/nicandmel.com\/sv\/","name":"Nic & Mel","description":"Handmade leather goods","publisher":{"@id":"https:\/\/nicandmel.com\/sv\/#organization"},"potentialAction":[{"@type":"SearchAction","target":{"@type":"EntryPoint","urlTemplate":"https:\/\/nicandmel.com\/sv\/?s={search_term_string}"},"query-input":{"@type":"PropertyValueSpecification","valueRequired":true,"valueName":"search_term_string"}}],"inLanguage":"sv-SE"},{"@type":"Organization","@id":"https:\/\/nicandmel.com\/sv\/#organization","name":"Nic & Mel","url":"https:\/\/nicandmel.com\/sv\/","logo":{"@type":"ImageObject","inLanguage":"sv-SE","@id":"https:\/\/nicandmel.com\/sv\/#\/schema\/logo\/image\/","url":"https:\/\/nicandmel.com\/wp-content\/uploads\/2021\/07\/nic_and_mel_logo.png","contentUrl":"https:\/\/nicandmel.com\/wp-content\/uploads\/2021\/07\/nic_and_mel_logo.png","width":1237,"height":263,"caption":"Nic & Mel"},"image":{"@id":"https:\/\/nicandmel.com\/sv\/#\/schema\/logo\/image\/"},"sameAs":["https:\/\/www.facebook.com\/nicandmel"]}]}},"_links":{"self":[{"href":"https:\/\/nicandmel.com\/sv\/wp-json\/wp\/v2\/product\/19229","targetHints":{"allow":["GET"]}}],"collection":[{"href":"https:\/\/nicandmel.com\/sv\/wp-json\/wp\/v2\/product"}],"about":[{"href":"https:\/\/nicandmel.com\/sv\/wp-json\/wp\/v2\/types\/product"}],"wp:featuredmedia":[{"embeddable":true,"href":"https:\/\/nicandmel.com\/sv\/wp-json\/wp\/v2\/media\/18015"}],"wp:attachment":[{"href":"https:\/\/nicandmel.com\/sv\/wp-json\/wp\/v2\/media?parent=19229"}],"wp:term":[{"taxonomy":"product_brand","embeddable":true,"href":"https:\/\/nicandmel.com\/sv\/wp-json\/wp\/v2\/product_brand?post=19229"},{"taxonomy":"product_cat","embeddable":true,"href":"https:\/\/nicandmel.com\/sv\/wp-json\/wp\/v2\/product_cat?post=19229"},{"taxonomy":"product_tag","embeddable":true,"href":"https:\/\/nicandmel.com\/sv\/wp-json\/wp\/v2\/product_tag?post=19229"}],"curies":[{"name":"wp","href":"https:\/\/api.w.org\/{rel}","templated":true}]}}