{"id":19902,"date":"2016-10-24T13:47:42","date_gmt":"2016-10-24T11:47:42","guid":{"rendered":"https:\/\/nicandmel.com\/product\/cliff-weekend-vaska-svart-lader\/"},"modified":"2025-02-04T08:47:45","modified_gmt":"2025-02-04T07:47:45","slug":"cliff-weekend-vaska-svart-lader","status":"publish","type":"product","link":"https:\/\/nicandmel.com\/sv\/produkt\/cliff-weekend-vaska-svart-lader\/","title":{"rendered":"CLIFF WEEKEND V\u00c4SKA Svart l\u00e4der"},"content":{"rendered":"<h3>CLIFF Weekend Bag &#8211; Svart l\u00e4der &#8211; Tidl\u00f6s elegans f\u00f6r dina resor<\/h3>\n<p><strong>CLIFF Weekend Bag<\/strong> i svart l\u00e4der \u00e4r det perfekta reses\u00e4llskapet f\u00f6r dig som uppskattar b\u00e5de stil och funktionalitet. V\u00e4skan \u00e4r designad i h\u00f6gkvalitativt \u00e4kta l\u00e4der och \u00e4r ett sofistikerat och h\u00e5llbart alternativ f\u00f6r weekendresor, aff\u00e4rsresor eller vardagsbruk. Den klassiska svarta finishen och det f\u00f6rstklassiga hantverket g\u00f6r den till ett tidl\u00f6st plagg som kompletterar alla resegarderober.  <\/p>\n<h4>Rymlig och genomt\u00e4nkt design<\/h4>\n<p>Med en <strong>l\u00e4ngd<\/strong> p\u00e5 <strong>50 cm, en h\u00f6jd p\u00e5 30 cm och ett djup p\u00e5 19 cm<\/strong> ger CLIFF Weekend Bag <strong>gott om f\u00f6rvaringsutrymme<\/strong> f\u00f6r dina viktigaste saker. <strong>Huvudfacket<\/strong> \u00e4r tillr\u00e4ckligt rymligt f\u00f6r att rymma kl\u00e4der, skor och personliga f\u00f6rem\u00e5l f\u00f6r en kort resa. Dessutom finns ett <strong>vadderat laptopfack<\/strong> som ser till att din enhet f\u00f6rblir skyddad under resan, medan tv\u00e5 mindre <strong>innerfickor<\/strong> hj\u00e4lper dig att h\u00e5lla ordning p\u00e5 dina tillh\u00f6righeter.  <\/p>\n<h4>Smart utsida f\u00f6r enkel \u00e5tkomst<\/h4>\n<p>V\u00e4skan har <strong>tv\u00e5 framfickor med sp\u00e4nnen<\/strong>, perfekta f\u00f6r f\u00f6rvaring av saker som du snabbt beh\u00f6ver komma \u00e5t, t.ex. pass, telefon eller resedokument. Den <strong>avtagbara och justerbara axelremmen<\/strong> ger m\u00e5ngsidighet och komfort, s\u00e5 att du kan b\u00e4ra v\u00e4skan p\u00e5 det s\u00e4tt som passar dig b\u00e4st. <\/p>\n<h4>Godk\u00e4nd f\u00f6r handbagage<\/h4>\n<p>CLIFF Weekend Bag \u00e4r utformad f\u00f6r att uppfylla de flesta <strong>flygbolags regler<\/strong> f\u00f6r handbagage och \u00e4r perfekt f\u00f6r problemfria resor. Oavsett om du \u00e4r p\u00e5 v\u00e4g p\u00e5 en kort aff\u00e4rsresa eller en weekendresa kan du njuta av bekv\u00e4mligheten med att ta med din v\u00e4ska ombord utan att beh\u00f6va oroa dig f\u00f6r incheckat bagage. <\/p>\n<h4>Viktiga egenskaper:<\/h4>\n<p>\u2714 <strong>Premium \u00e4kta l\u00e4der<\/strong> &#8211; Tillverkad av h\u00f6gkvalitativt svart l\u00e4der f\u00f6r en elegant och h\u00e5llbar finish. \u2714 <strong>Rymligt huvudfack<\/strong> &#8211; Gott om plats f\u00f6r kl\u00e4der, resesaker och personliga tillh\u00f6righeter. \u2714 <strong>Vadderat fack<\/strong> f\u00f6r b\u00e4rbar dator &#8211; h\u00e5ller din b\u00e4rbara dator trygg och s\u00e4ker. \u2714 Inv\u00e4ndig <strong>organisering<\/strong> &#8211; Tv\u00e5 mindre fickor p\u00e5 insidan f\u00f6r enkel f\u00f6rvaring. \u2714 <strong>Utv\u00e4ndiga<\/strong> fickor med sp\u00e4nne &#8211; Snabb\u00e5tkomliga fickor f\u00f6r viktiga saker som resedokument och nycklar. \u2714 <strong>Avtagbar och justerbar axelrem<\/strong> &#8211; B\u00e4r den p\u00e5 ditt s\u00e4tt f\u00f6r maximal komfort. \u2714 <strong>Handbagagev\u00e4nlig<\/strong> &#8211; Utformad f\u00f6r att passa de flesta flygbolags regler f\u00f6r handbagage.<\/p>\n<h4>En n\u00f6dv\u00e4ndighet f\u00f6r resen\u00e4rer med tidl\u00f6s charm<\/h4>\n<p>Oavsett om du reser i aff\u00e4rer eller p\u00e5 fritiden \u00e4r <strong>CLIFF Weekend Bag i svart l\u00e4der<\/strong> ett elegant och praktiskt val. Dess kombination av <strong>klassisk design, slitstarka material och funktionella fack<\/strong> g\u00f6r att du kan resa med sj\u00e4lvf\u00f6rtroende och bekv\u00e4mlighet. <\/p>\n<hr>\n<p>Uppgradera din reseupplevelse med <strong>CLIFF Weekend Bag &#8211; Black Leather<\/strong> och njut av en perfekt blandning av lyx, funktionalitet och tidl\u00f6s stil!<\/p>\n","protected":false},"excerpt":{"rendered":"<p>CLIFF Weekend Bag i svart l\u00e4der \u00e4r en elegant och rymlig resv\u00e4ska. Med ett vadderat laptopfack, flera fickor och en avtagbar axelrem \u00e4r den perfekt f\u00f6r weekendresor och aff\u00e4rsresor. <\/p>\n","protected":false},"featured_media":17037,"template":"","meta":{"_acf_changed":false},"product_brand":[],"product_cat":[1807],"product_tag":[2042],"class_list":{"0":"post-19902","1":"product","2":"type-product","3":"status-publish","4":"has-post-thumbnail","6":"product_cat-vaskor","7":"product_tag-helg","9":"first","10":"outofstock","11":"taxable","12":"shipping-taxable","13":"purchasable","14":"product-type-simple"},"acf":[],"yoast_head":"<!-- This site is optimized with the Yoast SEO plugin v27.3 - https:\/\/yoast.com\/product\/yoast-seo-wordpress\/ -->\n<title>CLIFF Weekend Bag \u2013 Svart L\u00e4derv\u00e4ska kabinv\u00f6ska f\u00f6r Weekend och Resor<\/title>\n<meta name=\"description\" content=\"Uppt\u00e4ck CLIFF Weekend Bag i svart l\u00e4der - en sofistikerad, handbagagegodk\u00e4nd resv\u00e4ska med ett rymligt huvudfack, vadderad laptopficka och justerbar rem.\" \/>\n<meta name=\"robots\" content=\"index, follow, max-snippet:-1, max-image-preview:large, max-video-preview:-1\" \/>\n<link rel=\"canonical\" href=\"https:\/\/nicandmel.com\/sv\/produkt\/cliff-weekend-vaska-svart-lader\/\" \/>\n<meta property=\"og:locale\" content=\"sv_SE\" \/>\n<meta property=\"og:type\" content=\"article\" \/>\n<meta property=\"og:title\" content=\"CLIFF Weekend Bag \u2013 Svart L\u00e4derv\u00e4ska kabinv\u00f6ska f\u00f6r Weekend och Resor\" \/>\n<meta property=\"og:description\" content=\"Uppt\u00e4ck CLIFF Weekend Bag i svart l\u00e4der - en sofistikerad, handbagagegodk\u00e4nd resv\u00e4ska med ett rymligt huvudfack, vadderad laptopficka och justerbar rem.\" \/>\n<meta property=\"og:url\" content=\"https:\/\/nicandmel.com\/sv\/produkt\/cliff-weekend-vaska-svart-lader\/\" \/>\n<meta property=\"og:site_name\" content=\"Nic &amp; Mel\" \/>\n<meta property=\"article:publisher\" content=\"https:\/\/www.facebook.com\/nicandmel\" \/>\n<meta property=\"article:modified_time\" content=\"2025-02-04T07:47:45+00:00\" \/>\n<meta property=\"og:image\" content=\"https:\/\/nicandmel.com\/wp-content\/uploads\/2016\/10\/Cliff_we_bag_blk.jpg\" \/>\n\t<meta property=\"og:image:width\" content=\"1500\" \/>\n\t<meta property=\"og:image:height\" content=\"1028\" \/>\n\t<meta property=\"og:image:type\" content=\"image\/jpeg\" \/>\n<meta name=\"twitter:card\" content=\"summary_large_image\" \/>\n<meta name=\"twitter:label1\" content=\"Ber\u00e4knad l\u00e4stid\" \/>\n\t<meta name=\"twitter:data1\" content=\"2 minuter\" \/>\n<script type=\"application\/ld+json\" class=\"yoast-schema-graph\">{\"@context\":\"https:\\\/\\\/schema.org\",\"@graph\":[{\"@type\":\"WebPage\",\"@id\":\"https:\\\/\\\/nicandmel.com\\\/sv\\\/produkt\\\/cliff-weekend-vaska-svart-lader\\\/\",\"url\":\"https:\\\/\\\/nicandmel.com\\\/sv\\\/produkt\\\/cliff-weekend-vaska-svart-lader\\\/\",\"name\":\"CLIFF Weekend Bag \u2013 Svart L\u00e4derv\u00e4ska kabinv\u00f6ska f\u00f6r Weekend och Resor\",\"isPartOf\":{\"@id\":\"https:\\\/\\\/nicandmel.com\\\/sv\\\/#website\"},\"primaryImageOfPage\":{\"@id\":\"https:\\\/\\\/nicandmel.com\\\/sv\\\/produkt\\\/cliff-weekend-vaska-svart-lader\\\/#primaryimage\"},\"image\":{\"@id\":\"https:\\\/\\\/nicandmel.com\\\/sv\\\/produkt\\\/cliff-weekend-vaska-svart-lader\\\/#primaryimage\"},\"thumbnailUrl\":\"https:\\\/\\\/nicandmel.com\\\/wp-content\\\/uploads\\\/2016\\\/10\\\/Cliff_we_bag_blk.jpg\",\"datePublished\":\"2016-10-24T11:47:42+00:00\",\"dateModified\":\"2025-02-04T07:47:45+00:00\",\"description\":\"Uppt\u00e4ck CLIFF Weekend Bag i svart l\u00e4der - en sofistikerad, handbagagegodk\u00e4nd resv\u00e4ska med ett rymligt huvudfack, vadderad laptopficka och justerbar rem.\",\"breadcrumb\":{\"@id\":\"https:\\\/\\\/nicandmel.com\\\/sv\\\/produkt\\\/cliff-weekend-vaska-svart-lader\\\/#breadcrumb\"},\"inLanguage\":\"sv-SE\",\"potentialAction\":[{\"@type\":\"ReadAction\",\"target\":[\"https:\\\/\\\/nicandmel.com\\\/sv\\\/produkt\\\/cliff-weekend-vaska-svart-lader\\\/\"]}]},{\"@type\":\"ImageObject\",\"inLanguage\":\"sv-SE\",\"@id\":\"https:\\\/\\\/nicandmel.com\\\/sv\\\/produkt\\\/cliff-weekend-vaska-svart-lader\\\/#primaryimage\",\"url\":\"https:\\\/\\\/nicandmel.com\\\/wp-content\\\/uploads\\\/2016\\\/10\\\/Cliff_we_bag_blk.jpg\",\"contentUrl\":\"https:\\\/\\\/nicandmel.com\\\/wp-content\\\/uploads\\\/2016\\\/10\\\/Cliff_we_bag_blk.jpg\",\"width\":1500,\"height\":1028},{\"@type\":\"BreadcrumbList\",\"@id\":\"https:\\\/\\\/nicandmel.com\\\/sv\\\/produkt\\\/cliff-weekend-vaska-svart-lader\\\/#breadcrumb\",\"itemListElement\":[{\"@type\":\"ListItem\",\"position\":1,\"name\":\"Home\",\"item\":\"https:\\\/\\\/nicandmel.com\\\/sv\\\/\"},{\"@type\":\"ListItem\",\"position\":2,\"name\":\"Butik\",\"item\":\"https:\\\/\\\/nicandmel.com\\\/sv\\\/butik\\\/\"},{\"@type\":\"ListItem\",\"position\":3,\"name\":\"CLIFF WEEKEND V\u00c4SKA Svart l\u00e4der\"}]},{\"@type\":\"WebSite\",\"@id\":\"https:\\\/\\\/nicandmel.com\\\/sv\\\/#website\",\"url\":\"https:\\\/\\\/nicandmel.com\\\/sv\\\/\",\"name\":\"Nic & Mel\",\"description\":\"Handmade leather goods\",\"publisher\":{\"@id\":\"https:\\\/\\\/nicandmel.com\\\/sv\\\/#organization\"},\"potentialAction\":[{\"@type\":\"SearchAction\",\"target\":{\"@type\":\"EntryPoint\",\"urlTemplate\":\"https:\\\/\\\/nicandmel.com\\\/sv\\\/?s={search_term_string}\"},\"query-input\":{\"@type\":\"PropertyValueSpecification\",\"valueRequired\":true,\"valueName\":\"search_term_string\"}}],\"inLanguage\":\"sv-SE\"},{\"@type\":\"Organization\",\"@id\":\"https:\\\/\\\/nicandmel.com\\\/sv\\\/#organization\",\"name\":\"Nic & Mel\",\"url\":\"https:\\\/\\\/nicandmel.com\\\/sv\\\/\",\"logo\":{\"@type\":\"ImageObject\",\"inLanguage\":\"sv-SE\",\"@id\":\"https:\\\/\\\/nicandmel.com\\\/sv\\\/#\\\/schema\\\/logo\\\/image\\\/\",\"url\":\"https:\\\/\\\/nicandmel.com\\\/wp-content\\\/uploads\\\/2021\\\/07\\\/nic_and_mel_logo.png\",\"contentUrl\":\"https:\\\/\\\/nicandmel.com\\\/wp-content\\\/uploads\\\/2021\\\/07\\\/nic_and_mel_logo.png\",\"width\":1237,\"height\":263,\"caption\":\"Nic & Mel\"},\"image\":{\"@id\":\"https:\\\/\\\/nicandmel.com\\\/sv\\\/#\\\/schema\\\/logo\\\/image\\\/\"},\"sameAs\":[\"https:\\\/\\\/www.facebook.com\\\/nicandmel\"]}]}<\/script>\n<!-- \/ Yoast SEO plugin. -->","yoast_head_json":{"title":"CLIFF Weekend Bag \u2013 Svart L\u00e4derv\u00e4ska kabinv\u00f6ska f\u00f6r Weekend och Resor","description":"Uppt\u00e4ck CLIFF Weekend Bag i svart l\u00e4der - en sofistikerad, handbagagegodk\u00e4nd resv\u00e4ska med ett rymligt huvudfack, vadderad laptopficka och justerbar rem.","robots":{"index":"index","follow":"follow","max-snippet":"max-snippet:-1","max-image-preview":"max-image-preview:large","max-video-preview":"max-video-preview:-1"},"canonical":"https:\/\/nicandmel.com\/sv\/produkt\/cliff-weekend-vaska-svart-lader\/","og_locale":"sv_SE","og_type":"article","og_title":"CLIFF Weekend Bag \u2013 Svart L\u00e4derv\u00e4ska kabinv\u00f6ska f\u00f6r Weekend och Resor","og_description":"Uppt\u00e4ck CLIFF Weekend Bag i svart l\u00e4der - en sofistikerad, handbagagegodk\u00e4nd resv\u00e4ska med ett rymligt huvudfack, vadderad laptopficka och justerbar rem.","og_url":"https:\/\/nicandmel.com\/sv\/produkt\/cliff-weekend-vaska-svart-lader\/","og_site_name":"Nic &amp; Mel","article_publisher":"https:\/\/www.facebook.com\/nicandmel","article_modified_time":"2025-02-04T07:47:45+00:00","og_image":[{"width":1500,"height":1028,"url":"https:\/\/nicandmel.com\/wp-content\/uploads\/2016\/10\/Cliff_we_bag_blk.jpg","type":"image\/jpeg"}],"twitter_card":"summary_large_image","twitter_misc":{"Ber\u00e4knad l\u00e4stid":"2 minuter"},"schema":{"@context":"https:\/\/schema.org","@graph":[{"@type":"WebPage","@id":"https:\/\/nicandmel.com\/sv\/produkt\/cliff-weekend-vaska-svart-lader\/","url":"https:\/\/nicandmel.com\/sv\/produkt\/cliff-weekend-vaska-svart-lader\/","name":"CLIFF Weekend Bag \u2013 Svart L\u00e4derv\u00e4ska kabinv\u00f6ska f\u00f6r Weekend och Resor","isPartOf":{"@id":"https:\/\/nicandmel.com\/sv\/#website"},"primaryImageOfPage":{"@id":"https:\/\/nicandmel.com\/sv\/produkt\/cliff-weekend-vaska-svart-lader\/#primaryimage"},"image":{"@id":"https:\/\/nicandmel.com\/sv\/produkt\/cliff-weekend-vaska-svart-lader\/#primaryimage"},"thumbnailUrl":"https:\/\/nicandmel.com\/wp-content\/uploads\/2016\/10\/Cliff_we_bag_blk.jpg","datePublished":"2016-10-24T11:47:42+00:00","dateModified":"2025-02-04T07:47:45+00:00","description":"Uppt\u00e4ck CLIFF Weekend Bag i svart l\u00e4der - en sofistikerad, handbagagegodk\u00e4nd resv\u00e4ska med ett rymligt huvudfack, vadderad laptopficka och justerbar rem.","breadcrumb":{"@id":"https:\/\/nicandmel.com\/sv\/produkt\/cliff-weekend-vaska-svart-lader\/#breadcrumb"},"inLanguage":"sv-SE","potentialAction":[{"@type":"ReadAction","target":["https:\/\/nicandmel.com\/sv\/produkt\/cliff-weekend-vaska-svart-lader\/"]}]},{"@type":"ImageObject","inLanguage":"sv-SE","@id":"https:\/\/nicandmel.com\/sv\/produkt\/cliff-weekend-vaska-svart-lader\/#primaryimage","url":"https:\/\/nicandmel.com\/wp-content\/uploads\/2016\/10\/Cliff_we_bag_blk.jpg","contentUrl":"https:\/\/nicandmel.com\/wp-content\/uploads\/2016\/10\/Cliff_we_bag_blk.jpg","width":1500,"height":1028},{"@type":"BreadcrumbList","@id":"https:\/\/nicandmel.com\/sv\/produkt\/cliff-weekend-vaska-svart-lader\/#breadcrumb","itemListElement":[{"@type":"ListItem","position":1,"name":"Home","item":"https:\/\/nicandmel.com\/sv\/"},{"@type":"ListItem","position":2,"name":"Butik","item":"https:\/\/nicandmel.com\/sv\/butik\/"},{"@type":"ListItem","position":3,"name":"CLIFF WEEKEND V\u00c4SKA Svart l\u00e4der"}]},{"@type":"WebSite","@id":"https:\/\/nicandmel.com\/sv\/#website","url":"https:\/\/nicandmel.com\/sv\/","name":"Nic & Mel","description":"Handmade leather goods","publisher":{"@id":"https:\/\/nicandmel.com\/sv\/#organization"},"potentialAction":[{"@type":"SearchAction","target":{"@type":"EntryPoint","urlTemplate":"https:\/\/nicandmel.com\/sv\/?s={search_term_string}"},"query-input":{"@type":"PropertyValueSpecification","valueRequired":true,"valueName":"search_term_string"}}],"inLanguage":"sv-SE"},{"@type":"Organization","@id":"https:\/\/nicandmel.com\/sv\/#organization","name":"Nic & Mel","url":"https:\/\/nicandmel.com\/sv\/","logo":{"@type":"ImageObject","inLanguage":"sv-SE","@id":"https:\/\/nicandmel.com\/sv\/#\/schema\/logo\/image\/","url":"https:\/\/nicandmel.com\/wp-content\/uploads\/2021\/07\/nic_and_mel_logo.png","contentUrl":"https:\/\/nicandmel.com\/wp-content\/uploads\/2021\/07\/nic_and_mel_logo.png","width":1237,"height":263,"caption":"Nic & Mel"},"image":{"@id":"https:\/\/nicandmel.com\/sv\/#\/schema\/logo\/image\/"},"sameAs":["https:\/\/www.facebook.com\/nicandmel"]}]}},"_links":{"self":[{"href":"https:\/\/nicandmel.com\/sv\/wp-json\/wp\/v2\/product\/19902","targetHints":{"allow":["GET"]}}],"collection":[{"href":"https:\/\/nicandmel.com\/sv\/wp-json\/wp\/v2\/product"}],"about":[{"href":"https:\/\/nicandmel.com\/sv\/wp-json\/wp\/v2\/types\/product"}],"wp:featuredmedia":[{"embeddable":true,"href":"https:\/\/nicandmel.com\/sv\/wp-json\/wp\/v2\/media\/17037"}],"wp:attachment":[{"href":"https:\/\/nicandmel.com\/sv\/wp-json\/wp\/v2\/media?parent=19902"}],"wp:term":[{"taxonomy":"product_brand","embeddable":true,"href":"https:\/\/nicandmel.com\/sv\/wp-json\/wp\/v2\/product_brand?post=19902"},{"taxonomy":"product_cat","embeddable":true,"href":"https:\/\/nicandmel.com\/sv\/wp-json\/wp\/v2\/product_cat?post=19902"},{"taxonomy":"product_tag","embeddable":true,"href":"https:\/\/nicandmel.com\/sv\/wp-json\/wp\/v2\/product_tag?post=19902"}],"curies":[{"name":"wp","href":"https:\/\/api.w.org\/{rel}","templated":true}]}}