{"id":20073,"date":"2025-05-20T07:33:58","date_gmt":"2025-05-20T05:33:58","guid":{"rendered":"https:\/\/nicandmel.com\/?post_type=product&#038;p=20073"},"modified":"2025-12-09T08:10:14","modified_gmt":"2025-12-09T07:10:14","slug":"magnetfodral-cognac-magesafe-tradlos-laddning-iphone-16-plus","status":"publish","type":"product","link":"https:\/\/nicandmel.com\/sv\/produkt\/magnetfodral-cognac-magesafe-tradlos-laddning-iphone-16-plus\/","title":{"rendered":"Mobilskal Cognac \u2013 iPhone 16 Plus"},"content":{"rendered":"<h2 class=\"\" data-start=\"584\" data-end=\"641\">SKal till mobilen i cognac \u2013 F\u00f6r iPhone 16 Plus<\/h2>\n<p class=\"\" data-start=\"643\" data-end=\"948\">Ge din <strong data-start=\"650\" data-end=\"668\">iPhone 16 Plus<\/strong> ett exklusivt och funktionellt skydd med detta <strong data-start=\"716\" data-end=\"765\">skal i cognacf\u00e4rgat fullnarvigt l\u00e4der<\/strong>. Fodralet \u00e4r skr\u00e4ddarsytt f\u00f6r perfekt passform.<\/p>\n<p class=\"\" data-start=\"950\" data-end=\"1069\">Tillverkat i <strong data-start=\"963\" data-end=\"1004\">vegetabiliskt garvat italienskt l\u00e4der<\/strong>, skapar det en naturlig patina som bara blir vackrare med tiden.<\/p>\n<h2 class=\"\" data-start=\"1071\" data-end=\"1095\">Funktioner &amp; F\u00f6rdelar<\/h2>\n<ul data-start=\"1097\" data-end=\"1677\">\n<li class=\"\" data-start=\"1206\" data-end=\"1307\">\n<p class=\"\" data-start=\"1208\" data-end=\"1307\"><strong data-start=\"1208\" data-end=\"1234\">\u00c4kta italienskt l\u00e4der:<\/strong> Fullnarvigt l\u00e4der i varm cognacf\u00e4rg \u2013 slitstarkt, exklusivt och unikt.<\/p>\n<\/li>\n<li class=\"\" data-start=\"1308\" data-end=\"1409\">\n<p class=\"\" data-start=\"1310\" data-end=\"1409\"><strong data-start=\"1310\" data-end=\"1342\">Designat f\u00f6r iPhone 16 Plus:<\/strong> Exakta utsk\u00e4rningar f\u00f6r kamera, knappar, h\u00f6gtalare och laddport.<\/p>\n<\/li>\n<li class=\"\" data-start=\"1410\" data-end=\"1504\">\n<p class=\"\" data-start=\"1412\" data-end=\"1504\"><strong data-start=\"1412\" data-end=\"1426\">St\u00f6tskydd:<\/strong> St\u00f6td\u00e4mpande innerskal med upph\u00f6jda kanter f\u00f6r att skydda sk\u00e4rm och kamera.<\/p>\n<\/li>\n<li class=\"\" data-start=\"1505\" data-end=\"1583\">\n<p class=\"\" data-start=\"1507\" data-end=\"1583\"><strong data-start=\"1507\" data-end=\"1527\">Mikrofiberfoder:<\/strong> Mjuk insida som skyddar baksidan fr\u00e5n repor och damm.<\/p>\n<\/li>\n<li class=\"\" data-start=\"1584\" data-end=\"1677\">\n<p class=\"\" data-start=\"1586\" data-end=\"1677\"><strong data-start=\"1586\" data-end=\"1609\">Slimmat &amp; stilrent:<\/strong> Tunt fodral som k\u00e4nns lyxigt i handen och glider l\u00e4tt ner i fickan.<\/p>\n<\/li>\n<\/ul>\n<h2 class=\"\" data-start=\"1679\" data-end=\"1713\">Skapat f\u00f6r vardagsbruk med stil<\/h2>\n<p class=\"\" data-start=\"1715\" data-end=\"1959\">Oavsett om du \u00e4r p\u00e5 kontoret, i r\u00f6relse eller hemma, \u00e4r detta <strong data-start=\"1777\" data-end=\"1821\">vackra mobilskal i cognac<\/strong> ett tillbeh\u00f6r som kombinerar funktionalitet och estetik. Det ger en diskret lyx till din iPhone och passar b\u00e5de klassisk och modern stil.<\/p>\n<hr class=\"\" data-start=\"1961\" data-end=\"1964\" \/>\n<h3 class=\"\" data-start=\"1966\" data-end=\"1973\">FAQ<\/h3>\n<p class=\"\" data-start=\"1975\" data-end=\"2127\"><strong data-start=\"1975\" data-end=\"1987\">Fr\u00e5ga 1:<\/strong> \u00c4r fodralet kompatibelt med MagSafe-laddning?<br data-start=\"2033\" data-end=\"2036\" \/><strong data-start=\"2036\" data-end=\"2045\">Svar:<\/strong> Nej!<\/p>\n<p class=\"\" data-start=\"2129\" data-end=\"2252\"><strong data-start=\"2129\" data-end=\"2141\">Fr\u00e5ga 2:<\/strong> Vilket l\u00e4der anv\u00e4nds?<br data-start=\"2163\" data-end=\"2166\" \/><strong data-start=\"2166\" data-end=\"2175\">Svar:<\/strong> Fodralet \u00e4r tillverkat i vegetabiliskt garvat, fullnarvigt italienskt l\u00e4der.<\/p>\n<p class=\"\" data-start=\"2254\" data-end=\"2387\"><strong data-start=\"2254\" data-end=\"2266\">Fr\u00e5ga 3:<\/strong> Skyddar det mot fall och repor?<br data-start=\"2298\" data-end=\"2301\" \/><strong data-start=\"2301\" data-end=\"2310\">Svar:<\/strong> Ja, det har ett st\u00f6td\u00e4mpande inre skal samt f\u00f6rh\u00f6jda kanter f\u00f6r extra skydd.<\/p>\n<p class=\"\" data-start=\"2389\" data-end=\"2504\"><strong data-start=\"2389\" data-end=\"2401\">Fr\u00e5ga 4:<\/strong> \u00c4r fodralet klumpigt?<br data-start=\"2423\" data-end=\"2426\" \/><strong data-start=\"2426\" data-end=\"2435\">Svar:<\/strong> Nej, det \u00e4r tunt och f\u00f6ljsamt men erbjuder \u00e4nd\u00e5 ett p\u00e5litligt skydd.<\/p>\n","protected":false},"excerpt":{"rendered":"<p class=\"\" data-start=\"439\" data-end=\"582\">Elegant mobilskal i \u00e4kta cognacf\u00e4rgat l\u00e4der f\u00f6r iPhone 16 Plus. Skyddar stilfullt utan att bygga.<\/p>\n<h2 class=\"\" data-start=\"584\" data-end=\"641\"><\/h2>\n<h2 class=\"\" data-start=\"690\" data-end=\"742\"><\/h2>\n","protected":false},"featured_media":18111,"template":"","meta":{"_acf_changed":false},"product_brand":[],"product_cat":[1813],"product_tag":[],"class_list":{"0":"post-20073","1":"product","2":"type-product","3":"status-publish","4":"has-post-thumbnail","6":"product_cat-mobiltillbehor","8":"first","9":"instock","10":"taxable","11":"shipping-taxable","12":"purchasable","13":"product-type-simple"},"acf":[],"yoast_head":"<!-- This site is optimized with the Yoast SEO plugin v27.5 - https:\/\/yoast.com\/product\/yoast-seo-wordpress\/ -->\n<title>Cognacf\u00e4rgat magnetfodral \u2013 MagSafe f\u00f6r iPhone 16<\/title>\n<meta name=\"robots\" content=\"index, follow, max-snippet:-1, max-image-preview:large, max-video-preview:-1\" \/>\n<link rel=\"canonical\" href=\"https:\/\/nicandmel.com\/sv\/produkt\/magnetfodral-cognac-magesafe-tradlos-laddning-iphone-16-plus\/\" \/>\n<meta property=\"og:locale\" content=\"sv_SE\" \/>\n<meta property=\"og:type\" content=\"article\" \/>\n<meta property=\"og:title\" content=\"Cognacf\u00e4rgat magnetfodral \u2013 MagSafe f\u00f6r iPhone 16\" \/>\n<meta property=\"og:description\" content=\"Elegant mobilskal i \u00e4kta cognacf\u00e4rgat l\u00e4der f\u00f6r iPhone 16 Plus. Skyddar stilfullt utan att bygga.\" \/>\n<meta property=\"og:url\" content=\"https:\/\/nicandmel.com\/sv\/produkt\/magnetfodral-cognac-magesafe-tradlos-laddning-iphone-16-plus\/\" \/>\n<meta property=\"og:site_name\" content=\"Nic &amp; Mel\" \/>\n<meta property=\"article:publisher\" content=\"https:\/\/www.facebook.com\/nicandmel\" \/>\n<meta property=\"article:modified_time\" content=\"2025-12-09T07:10:14+00:00\" \/>\n<meta property=\"og:image\" content=\"https:\/\/nicandmel.com\/wp-content\/uploads\/2023\/12\/magcase-congac-11-max.jpg\" \/>\n\t<meta property=\"og:image:width\" content=\"1500\" \/>\n\t<meta property=\"og:image:height\" content=\"1828\" \/>\n\t<meta property=\"og:image:type\" content=\"image\/jpeg\" \/>\n<meta name=\"twitter:card\" content=\"summary_large_image\" \/>\n<meta name=\"twitter:label1\" content=\"Ber\u00e4knad l\u00e4stid\" \/>\n\t<meta name=\"twitter:data1\" content=\"2 minuter\" \/>\n<script type=\"application\/ld+json\" class=\"yoast-schema-graph\">{\"@context\":\"https:\\\/\\\/schema.org\",\"@graph\":[{\"@type\":\"WebPage\",\"@id\":\"https:\\\/\\\/nicandmel.com\\\/sv\\\/produkt\\\/magnetfodral-cognac-magesafe-tradlos-laddning-iphone-16-plus\\\/\",\"url\":\"https:\\\/\\\/nicandmel.com\\\/sv\\\/produkt\\\/magnetfodral-cognac-magesafe-tradlos-laddning-iphone-16-plus\\\/\",\"name\":\"Cognacf\u00e4rgat magnetfodral \u2013 MagSafe f\u00f6r iPhone 16\",\"isPartOf\":{\"@id\":\"https:\\\/\\\/nicandmel.com\\\/sv\\\/#website\"},\"primaryImageOfPage\":{\"@id\":\"https:\\\/\\\/nicandmel.com\\\/sv\\\/produkt\\\/magnetfodral-cognac-magesafe-tradlos-laddning-iphone-16-plus\\\/#primaryimage\"},\"image\":{\"@id\":\"https:\\\/\\\/nicandmel.com\\\/sv\\\/produkt\\\/magnetfodral-cognac-magesafe-tradlos-laddning-iphone-16-plus\\\/#primaryimage\"},\"thumbnailUrl\":\"https:\\\/\\\/nicandmel.com\\\/wp-content\\\/uploads\\\/2023\\\/12\\\/magcase-congac-11-max.jpg\",\"datePublished\":\"2025-05-20T05:33:58+00:00\",\"dateModified\":\"2025-12-09T07:10:14+00:00\",\"breadcrumb\":{\"@id\":\"https:\\\/\\\/nicandmel.com\\\/sv\\\/produkt\\\/magnetfodral-cognac-magesafe-tradlos-laddning-iphone-16-plus\\\/#breadcrumb\"},\"inLanguage\":\"sv-SE\",\"potentialAction\":[{\"@type\":\"ReadAction\",\"target\":[\"https:\\\/\\\/nicandmel.com\\\/sv\\\/produkt\\\/magnetfodral-cognac-magesafe-tradlos-laddning-iphone-16-plus\\\/\"]}]},{\"@type\":\"ImageObject\",\"inLanguage\":\"sv-SE\",\"@id\":\"https:\\\/\\\/nicandmel.com\\\/sv\\\/produkt\\\/magnetfodral-cognac-magesafe-tradlos-laddning-iphone-16-plus\\\/#primaryimage\",\"url\":\"https:\\\/\\\/nicandmel.com\\\/wp-content\\\/uploads\\\/2023\\\/12\\\/magcase-congac-11-max.jpg\",\"contentUrl\":\"https:\\\/\\\/nicandmel.com\\\/wp-content\\\/uploads\\\/2023\\\/12\\\/magcase-congac-11-max.jpg\",\"width\":1500,\"height\":1828},{\"@type\":\"BreadcrumbList\",\"@id\":\"https:\\\/\\\/nicandmel.com\\\/sv\\\/produkt\\\/magnetfodral-cognac-magesafe-tradlos-laddning-iphone-16-plus\\\/#breadcrumb\",\"itemListElement\":[{\"@type\":\"ListItem\",\"position\":1,\"name\":\"Home\",\"item\":\"https:\\\/\\\/nicandmel.com\\\/sv\\\/\"},{\"@type\":\"ListItem\",\"position\":2,\"name\":\"Butik\",\"item\":\"https:\\\/\\\/nicandmel.com\\\/sv\\\/butik\\\/\"},{\"@type\":\"ListItem\",\"position\":3,\"name\":\"Mobilskal Cognac \u2013 iPhone 16 Plus\"}]},{\"@type\":\"WebSite\",\"@id\":\"https:\\\/\\\/nicandmel.com\\\/sv\\\/#website\",\"url\":\"https:\\\/\\\/nicandmel.com\\\/sv\\\/\",\"name\":\"Nic & Mel\",\"description\":\"Handmade leather goods\",\"publisher\":{\"@id\":\"https:\\\/\\\/nicandmel.com\\\/sv\\\/#organization\"},\"potentialAction\":[{\"@type\":\"SearchAction\",\"target\":{\"@type\":\"EntryPoint\",\"urlTemplate\":\"https:\\\/\\\/nicandmel.com\\\/sv\\\/?s={search_term_string}\"},\"query-input\":{\"@type\":\"PropertyValueSpecification\",\"valueRequired\":true,\"valueName\":\"search_term_string\"}}],\"inLanguage\":\"sv-SE\"},{\"@type\":\"Organization\",\"@id\":\"https:\\\/\\\/nicandmel.com\\\/sv\\\/#organization\",\"name\":\"Nic & Mel\",\"url\":\"https:\\\/\\\/nicandmel.com\\\/sv\\\/\",\"logo\":{\"@type\":\"ImageObject\",\"inLanguage\":\"sv-SE\",\"@id\":\"https:\\\/\\\/nicandmel.com\\\/sv\\\/#\\\/schema\\\/logo\\\/image\\\/\",\"url\":\"https:\\\/\\\/nicandmel.com\\\/wp-content\\\/uploads\\\/2021\\\/07\\\/nic_and_mel_logo.png\",\"contentUrl\":\"https:\\\/\\\/nicandmel.com\\\/wp-content\\\/uploads\\\/2021\\\/07\\\/nic_and_mel_logo.png\",\"width\":1237,\"height\":263,\"caption\":\"Nic & Mel\"},\"image\":{\"@id\":\"https:\\\/\\\/nicandmel.com\\\/sv\\\/#\\\/schema\\\/logo\\\/image\\\/\"},\"sameAs\":[\"https:\\\/\\\/www.facebook.com\\\/nicandmel\"]}]}<\/script>\n<!-- \/ Yoast SEO plugin. -->","yoast_head_json":{"title":"Cognacf\u00e4rgat magnetfodral \u2013 MagSafe f\u00f6r iPhone 16","robots":{"index":"index","follow":"follow","max-snippet":"max-snippet:-1","max-image-preview":"max-image-preview:large","max-video-preview":"max-video-preview:-1"},"canonical":"https:\/\/nicandmel.com\/sv\/produkt\/magnetfodral-cognac-magesafe-tradlos-laddning-iphone-16-plus\/","og_locale":"sv_SE","og_type":"article","og_title":"Cognacf\u00e4rgat magnetfodral \u2013 MagSafe f\u00f6r iPhone 16","og_description":"Elegant mobilskal i \u00e4kta cognacf\u00e4rgat l\u00e4der f\u00f6r iPhone 16 Plus. Skyddar stilfullt utan att bygga.","og_url":"https:\/\/nicandmel.com\/sv\/produkt\/magnetfodral-cognac-magesafe-tradlos-laddning-iphone-16-plus\/","og_site_name":"Nic &amp; Mel","article_publisher":"https:\/\/www.facebook.com\/nicandmel","article_modified_time":"2025-12-09T07:10:14+00:00","og_image":[{"width":1500,"height":1828,"url":"https:\/\/nicandmel.com\/wp-content\/uploads\/2023\/12\/magcase-congac-11-max.jpg","type":"image\/jpeg"}],"twitter_card":"summary_large_image","twitter_misc":{"Ber\u00e4knad l\u00e4stid":"2 minuter"},"schema":{"@context":"https:\/\/schema.org","@graph":[{"@type":"WebPage","@id":"https:\/\/nicandmel.com\/sv\/produkt\/magnetfodral-cognac-magesafe-tradlos-laddning-iphone-16-plus\/","url":"https:\/\/nicandmel.com\/sv\/produkt\/magnetfodral-cognac-magesafe-tradlos-laddning-iphone-16-plus\/","name":"Cognacf\u00e4rgat magnetfodral \u2013 MagSafe f\u00f6r iPhone 16","isPartOf":{"@id":"https:\/\/nicandmel.com\/sv\/#website"},"primaryImageOfPage":{"@id":"https:\/\/nicandmel.com\/sv\/produkt\/magnetfodral-cognac-magesafe-tradlos-laddning-iphone-16-plus\/#primaryimage"},"image":{"@id":"https:\/\/nicandmel.com\/sv\/produkt\/magnetfodral-cognac-magesafe-tradlos-laddning-iphone-16-plus\/#primaryimage"},"thumbnailUrl":"https:\/\/nicandmel.com\/wp-content\/uploads\/2023\/12\/magcase-congac-11-max.jpg","datePublished":"2025-05-20T05:33:58+00:00","dateModified":"2025-12-09T07:10:14+00:00","breadcrumb":{"@id":"https:\/\/nicandmel.com\/sv\/produkt\/magnetfodral-cognac-magesafe-tradlos-laddning-iphone-16-plus\/#breadcrumb"},"inLanguage":"sv-SE","potentialAction":[{"@type":"ReadAction","target":["https:\/\/nicandmel.com\/sv\/produkt\/magnetfodral-cognac-magesafe-tradlos-laddning-iphone-16-plus\/"]}]},{"@type":"ImageObject","inLanguage":"sv-SE","@id":"https:\/\/nicandmel.com\/sv\/produkt\/magnetfodral-cognac-magesafe-tradlos-laddning-iphone-16-plus\/#primaryimage","url":"https:\/\/nicandmel.com\/wp-content\/uploads\/2023\/12\/magcase-congac-11-max.jpg","contentUrl":"https:\/\/nicandmel.com\/wp-content\/uploads\/2023\/12\/magcase-congac-11-max.jpg","width":1500,"height":1828},{"@type":"BreadcrumbList","@id":"https:\/\/nicandmel.com\/sv\/produkt\/magnetfodral-cognac-magesafe-tradlos-laddning-iphone-16-plus\/#breadcrumb","itemListElement":[{"@type":"ListItem","position":1,"name":"Home","item":"https:\/\/nicandmel.com\/sv\/"},{"@type":"ListItem","position":2,"name":"Butik","item":"https:\/\/nicandmel.com\/sv\/butik\/"},{"@type":"ListItem","position":3,"name":"Mobilskal Cognac \u2013 iPhone 16 Plus"}]},{"@type":"WebSite","@id":"https:\/\/nicandmel.com\/sv\/#website","url":"https:\/\/nicandmel.com\/sv\/","name":"Nic & Mel","description":"Handmade leather goods","publisher":{"@id":"https:\/\/nicandmel.com\/sv\/#organization"},"potentialAction":[{"@type":"SearchAction","target":{"@type":"EntryPoint","urlTemplate":"https:\/\/nicandmel.com\/sv\/?s={search_term_string}"},"query-input":{"@type":"PropertyValueSpecification","valueRequired":true,"valueName":"search_term_string"}}],"inLanguage":"sv-SE"},{"@type":"Organization","@id":"https:\/\/nicandmel.com\/sv\/#organization","name":"Nic & Mel","url":"https:\/\/nicandmel.com\/sv\/","logo":{"@type":"ImageObject","inLanguage":"sv-SE","@id":"https:\/\/nicandmel.com\/sv\/#\/schema\/logo\/image\/","url":"https:\/\/nicandmel.com\/wp-content\/uploads\/2021\/07\/nic_and_mel_logo.png","contentUrl":"https:\/\/nicandmel.com\/wp-content\/uploads\/2021\/07\/nic_and_mel_logo.png","width":1237,"height":263,"caption":"Nic & Mel"},"image":{"@id":"https:\/\/nicandmel.com\/sv\/#\/schema\/logo\/image\/"},"sameAs":["https:\/\/www.facebook.com\/nicandmel"]}]}},"_links":{"self":[{"href":"https:\/\/nicandmel.com\/sv\/wp-json\/wp\/v2\/product\/20073","targetHints":{"allow":["GET"]}}],"collection":[{"href":"https:\/\/nicandmel.com\/sv\/wp-json\/wp\/v2\/product"}],"about":[{"href":"https:\/\/nicandmel.com\/sv\/wp-json\/wp\/v2\/types\/product"}],"wp:featuredmedia":[{"embeddable":true,"href":"https:\/\/nicandmel.com\/sv\/wp-json\/wp\/v2\/media\/18111"}],"wp:attachment":[{"href":"https:\/\/nicandmel.com\/sv\/wp-json\/wp\/v2\/media?parent=20073"}],"wp:term":[{"taxonomy":"product_brand","embeddable":true,"href":"https:\/\/nicandmel.com\/sv\/wp-json\/wp\/v2\/product_brand?post=20073"},{"taxonomy":"product_cat","embeddable":true,"href":"https:\/\/nicandmel.com\/sv\/wp-json\/wp\/v2\/product_cat?post=20073"},{"taxonomy":"product_tag","embeddable":true,"href":"https:\/\/nicandmel.com\/sv\/wp-json\/wp\/v2\/product_tag?post=20073"}],"curies":[{"name":"wp","href":"https:\/\/api.w.org\/{rel}","templated":true}]}}